{"id":5866,"date":"2024-06-12T10:23:36","date_gmt":"2024-06-12T14:23:36","guid":{"rendered":"https:\/\/lptranslate.com\/?page_id=5866"},"modified":"2025-11-28T18:58:33","modified_gmt":"2025-11-28T22:58:33","slug":"apostillas","status":"publish","type":"page","link":"https:\/\/lptranslate.com\/de\/traduccion-certificada\/apostillas\/","title":{"rendered":"Apostillen"},"content":{"rendered":"<div data-elementor-type=\"wp-page\" data-elementor-id=\"5866\" class=\"elementor elementor-5866\" data-elementor-settings=\"{&quot;ha_cmc_init_switcher&quot;:&quot;no&quot;}\" data-elementor-post-type=\"page\">\n\t\t\t\t\t\t<section class=\"elementor-section elementor-top-section elementor-element elementor-element-1ee86cef elementor-section-full_width elementor-section-height-default elementor-section-height-default\" data-id=\"1ee86cef\" data-element_type=\"section\" data-e-type=\"section\" data-settings=\"{&quot;background_background&quot;:&quot;classic&quot;,&quot;_ha_eqh_enable&quot;:false}\">\n\t\t\t\t\t\t<div class=\"elementor-container elementor-column-gap-default\">\n\t\t\t\t\t<div class=\"elementor-column elementor-col-100 elementor-top-column elementor-element elementor-element-7b02a08e\" data-id=\"7b02a08e\" data-element_type=\"column\" data-e-type=\"column\">\n\t\t\t<div class=\"elementor-widget-wrap elementor-element-populated\">\n\t\t\t\t\t\t\t<\/div>\n\t\t<\/div>\n\t\t\t\t\t<\/div>\n\t\t<\/section>\n\t\t\t\t<section class=\"elementor-section elementor-top-section elementor-element elementor-element-36bf40e4 elementor-section-boxed elementor-section-height-default elementor-section-height-default\" data-id=\"36bf40e4\" data-element_type=\"section\" data-e-type=\"section\" data-settings=\"{&quot;_ha_eqh_enable&quot;:false}\">\n\t\t\t\t\t\t<div class=\"elementor-container elementor-column-gap-default\">\n\t\t\t\t\t<div class=\"elementor-column elementor-col-50 elementor-top-column elementor-element elementor-element-294feeb8\" data-id=\"294feeb8\" data-element_type=\"column\" data-e-type=\"column\">\n\t\t\t<div class=\"elementor-widget-wrap elementor-element-populated\">\n\t\t\t\t\t\t<div class=\"elementor-element elementor-element-bf95635 elementor-widget elementor-widget-text-editor\" data-id=\"bf95635\" data-element_type=\"widget\" data-e-type=\"widget\" data-widget_type=\"text-editor.default\">\n\t\t\t\t<div class=\"elementor-widget-container\">\n\t\t\t\t\t\t\t\t\t<p><b>Beglaubigte \u00dcbersetzung mit Apostille bei L&amp;P Translation<\/b><\/p><p><span style=\"font-weight: 400;\">Wir von L&amp;P Translation wissen, wie wichtig eine genaue und beglaubigte \u00dcbersetzung mit Apostille ist. Diese Dokumente sind unerl\u00e4sslich, um die internationale G\u00fcltigkeit anderer juristischer Dokumente zu gew\u00e4hrleisten, und es ist von entscheidender Bedeutung, dass die \u00dcbersetzung genau ist und allen offiziellen Standards entspricht. Unser Team von professionellen \u00dcbersetzern ist in der Lage, Dokumente in mehrere Sprachen zu \u00fcbersetzen und dabei sicherzustellen, dass jedes Detail dem Original entspricht.<\/span><\/p><p><span style=\"font-weight: 400;\">Die \u00dcbersetzung einer Apostille erfordert Genauigkeit und eine gr\u00fcndliche Kenntnis spezifischer Rechtsbegriffe. Bei L&amp;P Translation stellen wir sicher, dass jeder Aspekt Ihrer Apostille korrekt \u00fcbersetzt wird, einschlie\u00dflich der Namen, Daten und aller anderen relevanten Informationen. Unsere beglaubigten \u00dcbersetzungen werden von staatlichen und privaten Stellen anerkannt, so dass Sie sicher sein k\u00f6nnen, dass Ihre Dokumente ohne Probleme akzeptiert werden.<\/span><\/p><p><span style=\"font-weight: 400;\">Unser \u00dcbersetzungsb\u00fcro bietet qualitativ hochwertige Dienstleistungen f\u00fcr die \u00dcbersetzung von juristischen Dokumenten an. Wir wissen, dass Apostillen f\u00fcr die Legalisierung von Dokumenten und andere wichtige Formalit\u00e4ten unerl\u00e4sslich sind. Deshalb wird jede von uns angefertigte \u00dcbersetzung von Fachleuten gepr\u00fcft und beglaubigt, um ihre rechtliche G\u00fcltigkeit und Genauigkeit zu gew\u00e4hrleisten.<\/span><\/p><p><span style=\"font-weight: 400;\">Wir von L&amp;P Translation haben uns der Kundenzufriedenheit verschrieben und bieten beglaubigte \u00dcbersetzungen in Ihrer N\u00e4he an, bei denen Qualit\u00e4t und Genauigkeit im Vordergrund stehen. Neben der \u00dcbersetzung von Apostillen bieten wir auch eine breite Palette von \u00dcbersetzungsdienstleistungen f\u00fcr andere juristische und pers\u00f6nliche Dokumente an. Unser Expertenteam ist in der Lage, jede mehrsprachige \u00dcbersetzungsaufgabe zu bew\u00e4ltigen, damit Sie in jeder Sprache effektiv kommunizieren k\u00f6nnen.<\/span><\/p><p><span style=\"font-weight: 400;\">Vertrauen Sie L&amp;P Translation f\u00fcr alle Ihre Apostille-\u00dcbersetzungsanforderungen. Wir sind bestrebt, genaue und beglaubigte \u00dcbersetzungen zu liefern, die durch einen au\u00dfergew\u00f6hnlichen Kundenservice unterst\u00fctzt werden. Kontaktieren Sie uns noch heute, um mehr dar\u00fcber zu erfahren, wie wir Ihnen helfen k\u00f6nnen, Ihre Apostillen mit h\u00f6chster Genauigkeit und Professionalit\u00e4t zu \u00fcbersetzen.<\/span><\/p>\t\t\t\t\t\t\t\t<\/div>\n\t\t\t\t<\/div>\n\t\t\t\t\t<\/div>\n\t\t<\/div>\n\t\t\t\t<div class=\"elementor-column elementor-col-50 elementor-top-column elementor-element elementor-element-733affe5 elementor-hidden-mobile\" data-id=\"733affe5\" data-element_type=\"column\" data-e-type=\"column\" data-settings=\"{&quot;background_background&quot;:&quot;classic&quot;}\">\n\t\t\t<div class=\"elementor-widget-wrap\">\n\t\t\t\t\t\t\t<\/div>\n\t\t<\/div>\n\t\t\t\t\t<\/div>\n\t\t<\/section>\n\t\t\t\t<section class=\"elementor-section elementor-top-section elementor-element elementor-element-59b66181 elementor-section-full_width elementor-section-height-default elementor-section-height-default\" data-id=\"59b66181\" data-element_type=\"section\" data-e-type=\"section\" data-settings=\"{&quot;_ha_eqh_enable&quot;:false}\">\n\t\t\t\t\t\t<div class=\"elementor-container elementor-column-gap-default\">\n\t\t\t\t\t<div class=\"elementor-column elementor-col-100 elementor-top-column elementor-element elementor-element-6ad26cee\" data-id=\"6ad26cee\" data-element_type=\"column\" data-e-type=\"column\">\n\t\t\t<div class=\"elementor-widget-wrap elementor-element-populated\">\n\t\t\t\t\t\t<div class=\"elementor-element elementor-element-44bb8a90 elementor-widget elementor-widget-shortcode\" data-id=\"44bb8a90\" data-element_type=\"widget\" data-e-type=\"widget\" data-widget_type=\"shortcode.default\">\n\t\t\t\t<div class=\"elementor-widget-container\">\n\t\t\t\t\t\t\t<div class=\"elementor-shortcode\">\t\t<div data-elementor-type=\"section\" data-elementor-id=\"5362\" class=\"elementor elementor-5362\" data-elementor-settings=\"{&quot;ha_cmc_init_switcher&quot;:&quot;no&quot;}\" data-elementor-post-type=\"elementor_library\">\n\t\t\t\t\t<section class=\"elementor-section elementor-top-section elementor-element elementor-element-2803833 elementor-section-full_width elementor-section-height-default elementor-section-height-default\" data-id=\"2803833\" data-element_type=\"section\" data-e-type=\"section\" data-settings=\"{&quot;_ha_eqh_enable&quot;:false}\">\n\t\t\t\t\t\t<div class=\"elementor-container elementor-column-gap-default\">\n\t\t\t\t\t<div class=\"elementor-column elementor-col-50 elementor-top-column elementor-element elementor-element-ebd9f00\" data-id=\"ebd9f00\" data-element_type=\"column\" data-e-type=\"column\">\n\t\t\t<div class=\"elementor-widget-wrap elementor-element-populated\">\n\t\t\t\t\t\t<div class=\"elementor-element elementor-element-f186dff elementor-widget elementor-widget-heading\" data-id=\"f186dff\" data-element_type=\"widget\" data-e-type=\"widget\" data-widget_type=\"heading.default\">\n\t\t\t\t<div class=\"elementor-widget-container\">\n\t\t\t\t\t<h2 class=\"elementor-heading-title elementor-size-default\">Beglaubigte Dokumenten\u00fcbersetzung<\/h2>\t\t\t\t<\/div>\n\t\t\t\t<\/div>\n\t\t\t\t<div class=\"elementor-element elementor-element-09fe651 elementor-widget elementor-widget-text-editor\" data-id=\"09fe651\" data-element_type=\"widget\" data-e-type=\"widget\" data-widget_type=\"text-editor.default\">\n\t\t\t\t<div class=\"elementor-widget-container\">\n\t\t\t\t\t\t\t\t\t<p>Wir verf\u00fcgen \u00fcber mehr als 7 Jahre Erfahrung in der Branche, in Rechtsf\u00e4llen der Einwanderung, bei medizinischen Unterlagen, Gesch\u00e4ftsdokumenten, Hypothekenantr\u00e4gen, Hochschulzulassungen und vielem mehr und bieten unseren Kunden stets den bestm\u00f6glichen Service und die bestm\u00f6gliche Qualit\u00e4t.<\/p>\t\t\t\t\t\t\t\t<\/div>\n\t\t\t\t<\/div>\n\t\t\t\t\t<\/div>\n\t\t<\/div>\n\t\t\t\t<div class=\"elementor-column elementor-col-50 elementor-top-column elementor-element elementor-element-a66df12\" data-id=\"a66df12\" data-element_type=\"column\" data-e-type=\"column\" data-settings=\"{&quot;background_background&quot;:&quot;classic&quot;}\">\n\t\t\t<div class=\"elementor-widget-wrap elementor-element-populated\">\n\t\t\t\t\t\t<div class=\"elementor-element elementor-element-8d8c68c elementor-headline--style-highlight elementor-widget elementor-widget-animated-headline\" data-id=\"8d8c68c\" data-element_type=\"widget\" data-e-type=\"widget\" data-settings=\"{&quot;marker&quot;:&quot;underline&quot;,&quot;highlighted_text&quot;:&quot;$15 USD &quot;,&quot;headline_style&quot;:&quot;highlight&quot;,&quot;loop&quot;:&quot;yes&quot;,&quot;highlight_animation_duration&quot;:1200,&quot;highlight_iteration_delay&quot;:8000}\" data-widget_type=\"animated-headline.default\">\n\t\t\t\t<div class=\"elementor-widget-container\">\n\t\t\t\t\t\t\t<h3 class=\"elementor-headline\">\n\t\t\t\t\t<span class=\"elementor-headline-plain-text elementor-headline-text-wrapper\">Von <\/span>\n\t\t\t\t<span class=\"elementor-headline-dynamic-wrapper elementor-headline-text-wrapper\">\n\t\t\t\t\t<span class=\"elementor-headline-dynamic-text elementor-headline-text-active\">$15 USD <\/span>\n\t\t\t\t<\/span>\n\t\t\t\t\t<span class=\"elementor-headline-plain-text elementor-headline-text-wrapper\">pro Seite<\/span>\n\t\t\t\t\t<\/h3>\n\t\t\t\t\t\t<\/div>\n\t\t\t\t<\/div>\n\t\t\t\t<div class=\"elementor-element elementor-element-14bd93e elementor-align-start elementor-mobile-align-start elementor-icon-list--layout-traditional elementor-list-item-link-full_width elementor-widget elementor-widget-icon-list\" data-id=\"14bd93e\" data-element_type=\"widget\" data-e-type=\"widget\" data-widget_type=\"icon-list.default\">\n\t\t\t\t<div class=\"elementor-widget-container\">\n\t\t\t\t\t\t\t<ul class=\"elementor-icon-list-items\">\n\t\t\t\t\t\t\t<li class=\"elementor-icon-list-item\">\n\t\t\t\t\t\t\t\t\t\t\t<span class=\"elementor-icon-list-icon\">\n\t\t\t\t\t\t\t<i aria-hidden=\"true\" class=\"fas fa-check-circle\"><\/i>\t\t\t\t\t\t<\/span>\n\t\t\t\t\t\t\t\t\t\t<span class=\"elementor-icon-list-text\">Erfahrung und Wissen<\/span>\n\t\t\t\t\t\t\t\t\t<\/li>\n\t\t\t\t\t\t\t\t<li class=\"elementor-icon-list-item\">\n\t\t\t\t\t\t\t\t\t\t\t<span class=\"elementor-icon-list-icon\">\n\t\t\t\t\t\t\t<i aria-hidden=\"true\" class=\"fas fa-check-circle\"><\/i>\t\t\t\t\t\t<\/span>\n\t\t\t\t\t\t\t\t\t\t<span class=\"elementor-icon-list-text\">Einsparung von Ressourcen<\/span>\n\t\t\t\t\t\t\t\t\t<\/li>\n\t\t\t\t\t\t\t\t<li class=\"elementor-icon-list-item\">\n\t\t\t\t\t\t\t\t\t\t\t<span class=\"elementor-icon-list-icon\">\n\t\t\t\t\t\t\t<i aria-hidden=\"true\" class=\"fas fa-check-circle\"><\/i>\t\t\t\t\t\t<\/span>\n\t\t\t\t\t\t\t\t\t\t<span class=\"elementor-icon-list-text\">Validierung und Zertifizierung<\/span>\n\t\t\t\t\t\t\t\t\t<\/li>\n\t\t\t\t\t\t<\/ul>\n\t\t\t\t\t\t<\/div>\n\t\t\t\t<\/div>\n\t\t\t\t<div class=\"elementor-element elementor-element-f3cba94 elementor-align-justify elementor-widget elementor-widget-button\" data-id=\"f3cba94\" data-element_type=\"widget\" data-e-type=\"widget\" data-widget_type=\"button.default\">\n\t\t\t\t<div class=\"elementor-widget-container\">\n\t\t\t\t\t\t\t\t\t<div class=\"elementor-button-wrapper\">\n\t\t\t\t\t<a class=\"elementor-button elementor-button-link elementor-size-sm\" href=\"https:\/\/lptranslate.com\/de\/traduccion-certificada\/\">\n\t\t\t\t\t\t<span class=\"elementor-button-content-wrapper\">\n\t\t\t\t\t\t\t\t\t<span class=\"elementor-button-text\">\u00dcBERSETZUNG JETZT BESTELLEN<\/span>\n\t\t\t\t\t<\/span>\n\t\t\t\t\t<\/a>\n\t\t\t\t<\/div>\n\t\t\t\t\t\t\t\t<\/div>\n\t\t\t\t<\/div>\n\t\t\t\t\t<\/div>\n\t\t<\/div>\n\t\t\t\t\t<\/div>\n\t\t<\/section>\n\t\t\t\t<section class=\"elementor-section elementor-inner-section elementor-element elementor-element-2eb54e54 elementor-section-content-middle elementor-section-boxed elementor-section-height-default elementor-section-height-default\" data-id=\"2eb54e54\" data-element_type=\"section\" data-e-type=\"section\" data-settings=\"{&quot;_ha_eqh_enable&quot;:false}\">\n\t\t\t\t\t\t<div class=\"elementor-container elementor-column-gap-no\">\n\t\t\t\t\t<div class=\"elementor-column elementor-col-50 elementor-inner-column elementor-element elementor-element-1413ad2f animated-fast elementor-invisible\" data-id=\"1413ad2f\" data-element_type=\"column\" data-e-type=\"column\" data-settings=\"{&quot;animation&quot;:&quot;fadeInUp&quot;}\">\n\t\t\t<div class=\"elementor-widget-wrap elementor-element-populated\">\n\t\t\t\t\t\t<div class=\"elementor-element elementor-element-73b81eec elementor-widget elementor-widget-heading\" data-id=\"73b81eec\" data-element_type=\"widget\" data-e-type=\"widget\" data-widget_type=\"heading.default\">\n\t\t\t\t<div class=\"elementor-widget-container\">\n\t\t\t\t\t<h3 class=\"elementor-heading-title elementor-size-default\">Wussten Sie, dass wir bei L&amp;P Translations notarielle Dienstleistungen und Apostillen anbieten?<\/h3>\t\t\t\t<\/div>\n\t\t\t\t<\/div>\n\t\t\t\t<div class=\"elementor-element elementor-element-511ba88b elementor-view-stacked elementor-position-inline-start elementor-widget__width-initial elementor-shape-circle elementor-mobile-position-block-start elementor-widget elementor-widget-icon-box\" data-id=\"511ba88b\" data-element_type=\"widget\" data-e-type=\"widget\" data-widget_type=\"icon-box.default\">\n\t\t\t\t<div class=\"elementor-widget-container\">\n\t\t\t\t\t\t\t<div class=\"elementor-icon-box-wrapper\">\n\n\t\t\t\t\t\t<div class=\"elementor-icon-box-icon\">\n\t\t\t\t<a href=\"https:\/\/lptranslate.com\/de\/servicios-notariales-en-usa\/\" class=\"elementor-icon\" tabindex=\"-1\" aria-label=\"Notarielle Dienstleistungen\">\n\t\t\t\t<i aria-hidden=\"true\" class=\"fas fa-file-signature\"><\/i>\t\t\t\t<\/a>\n\t\t\t<\/div>\n\t\t\t\n\t\t\t\t\t\t<div class=\"elementor-icon-box-content\">\n\n\t\t\t\t\t\t\t\t\t<h6 class=\"elementor-icon-box-title\">\n\t\t\t\t\t\t<a href=\"https:\/\/lptranslate.com\/de\/servicios-notariales-en-usa\/\" >\n\t\t\t\t\t\t\tNotarielle Dienstleistungen\t\t\t\t\t\t<\/a>\n\t\t\t\t\t<\/h6>\n\t\t\t\t\n\t\t\t\t\n\t\t\t<\/div>\n\t\t\t\n\t\t<\/div>\n\t\t\t\t\t\t<\/div>\n\t\t\t\t<\/div>\n\t\t\t\t<div class=\"elementor-element elementor-element-6f45a401 elementor-view-stacked elementor-position-inline-start elementor-widget__width-initial elementor-shape-circle elementor-mobile-position-block-start elementor-widget elementor-widget-icon-box\" data-id=\"6f45a401\" data-element_type=\"widget\" data-e-type=\"widget\" data-widget_type=\"icon-box.default\">\n\t\t\t\t<div class=\"elementor-widget-container\">\n\t\t\t\t\t\t\t<div class=\"elementor-icon-box-wrapper\">\n\n\t\t\t\t\t\t<div class=\"elementor-icon-box-icon\">\n\t\t\t\t<a href=\"https:\/\/lptranslate.com\/de\/apostillar-legalizar-documento\/\" class=\"elementor-icon\" tabindex=\"-1\" aria-label=\"Dokumente mit Apostille\">\n\t\t\t\t<i aria-hidden=\"true\" class=\"fas fa-stamp\"><\/i>\t\t\t\t<\/a>\n\t\t\t<\/div>\n\t\t\t\n\t\t\t\t\t\t<div class=\"elementor-icon-box-content\">\n\n\t\t\t\t\t\t\t\t\t<h6 class=\"elementor-icon-box-title\">\n\t\t\t\t\t\t<a href=\"https:\/\/lptranslate.com\/de\/apostillar-legalizar-documento\/\" >\n\t\t\t\t\t\t\tDokumente mit Apostille\t\t\t\t\t\t<\/a>\n\t\t\t\t\t<\/h6>\n\t\t\t\t\n\t\t\t\t\n\t\t\t<\/div>\n\t\t\t\n\t\t<\/div>\n\t\t\t\t\t\t<\/div>\n\t\t\t\t<\/div>\n\t\t\t\t\t<\/div>\n\t\t<\/div>\n\t\t\t\t<div class=\"elementor-column elementor-col-50 elementor-inner-column elementor-element elementor-element-21d1de27 elementor-invisible\" data-id=\"21d1de27\" data-element_type=\"column\" data-e-type=\"column\" data-settings=\"{&quot;background_background&quot;:&quot;classic&quot;,&quot;animation&quot;:&quot;fadeInUp&quot;}\">\n\t\t\t<div class=\"elementor-widget-wrap elementor-element-populated\">\n\t\t\t\t\t<div class=\"elementor-background-overlay\"><\/div>\n\t\t\t\t\t\t<div class=\"elementor-element elementor-element-4de2726b elementor-widget elementor-widget-text-editor\" data-id=\"4de2726b\" data-element_type=\"widget\" data-e-type=\"widget\" data-widget_type=\"text-editor.default\">\n\t\t\t\t<div class=\"elementor-widget-container\">\n\t\t\t\t\t\t\t\t\t<p>Wir \u00fcbersetzen nicht nur Ihre Dokumente, wir helfen Ihnen auch bei folgenden Aufgaben <strong>sie zu legalisieren und zu validieren<\/strong> mit offiziellen Stellen.<\/p><p>Mit L&amp;P Translations haben Sie alles, was Sie brauchen, um Ihre Dokumente vorzubereiten und zu validieren, an einem Ort - kontaktieren Sie uns noch heute und legen Sie alles in unsere H\u00e4nde!<\/p>\t\t\t\t\t\t\t\t<\/div>\n\t\t\t\t<\/div>\n\t\t\t\t\t<\/div>\n\t\t<\/div>\n\t\t\t\t\t<\/div>\n\t\t<\/section>\n\t\t\t\t<\/div>\n\t\t<\/div>\n\t\t\t\t\t\t<\/div>\n\t\t\t\t<\/div>\n\t\t\t\t\t<\/div>\n\t\t<\/div>\n\t\t\t\t\t<\/div>\n\t\t<\/section>\n\t\t\t\t<\/div>","protected":false},"excerpt":{"rendered":"<p>Traducci\u00f3n certificada de apostillas con L&amp;P Translation En L&amp;P Translation, sabemos lo importante que es contar con una traducci\u00f3n precisa y certificada de apostillas. Estos documentos son fundamentales para asegurar la validez internacional de otros documentos legales y es vital que la traducci\u00f3n sea exacta y cumpla con todos los est\u00e1ndares oficiales. Nuestro equipo de [&hellip;]<\/p>\n","protected":false},"author":3,"featured_media":0,"parent":739,"menu_order":0,"comment_status":"closed","ping_status":"closed","template":"elementor_header_footer","meta":{"_acf_changed":false,"site-sidebar-layout":"no-sidebar","site-content-layout":"page-builder","ast-site-content-layout":"full-width-container","site-content-style":"default","site-sidebar-style":"default","ast-global-header-display":"","ast-banner-title-visibility":"","ast-main-header-display":"","ast-hfb-above-header-display":"","ast-hfb-below-header-display":"","ast-hfb-mobile-header-display":"","site-post-title":"disabled","ast-breadcrumbs-content":"","ast-featured-img":"disabled","footer-sml-layout":"","ast-disable-related-posts":"","theme-transparent-header-meta":"default","adv-header-id-meta":"","stick-header-meta":"","header-above-stick-meta":"","header-main-stick-meta":"","header-below-stick-meta":"","astra-migrate-meta-layouts":"set","ast-page-background-enabled":"default","ast-page-background-meta":{"desktop":{"background-color":"var(--ast-global-color-4)","background-image":"","background-repeat":"repeat","background-position":"center center","background-size":"auto","background-attachment":"scroll","background-type":"","background-media":"","overlay-type":"","overlay-color":"","overlay-opacity":"","overlay-gradient":""},"tablet":{"background-color":"","background-image":"","background-repeat":"repeat","background-position":"center center","background-size":"auto","background-attachment":"scroll","background-type":"","background-media":"","overlay-type":"","overlay-color":"","overlay-opacity":"","overlay-gradient":""},"mobile":{"background-color":"","background-image":"","background-repeat":"repeat","background-position":"center center","background-size":"auto","background-attachment":"scroll","background-type":"","background-media":"","overlay-type":"","overlay-color":"","overlay-opacity":"","overlay-gradient":""}},"ast-content-background-meta":{"desktop":{"background-color":"var(--ast-global-color-5)","background-image":"","background-repeat":"repeat","background-position":"center center","background-size":"auto","background-attachment":"scroll","background-type":"","background-media":"","overlay-type":"","overlay-color":"","overlay-opacity":"","overlay-gradient":""},"tablet":{"background-color":"var(--ast-global-color-5)","background-image":"","background-repeat":"repeat","background-position":"center center","background-size":"auto","background-attachment":"scroll","background-type":"","background-media":"","overlay-type":"","overlay-color":"","overlay-opacity":"","overlay-gradient":""},"mobile":{"background-color":"var(--ast-global-color-5)","background-image":"","background-repeat":"repeat","background-position":"center center","background-size":"auto","background-attachment":"scroll","background-type":"","background-media":"","overlay-type":"","overlay-color":"","overlay-opacity":"","overlay-gradient":""}},"_joinchat":[],"footnotes":""},"class_list":["post-5866","page","type-page","status-publish","hentry"],"acf":[],"_links":{"self":[{"href":"https:\/\/lptranslate.com\/de\/wp-json\/wp\/v2\/pages\/5866","targetHints":{"allow":["GET"]}}],"collection":[{"href":"https:\/\/lptranslate.com\/de\/wp-json\/wp\/v2\/pages"}],"about":[{"href":"https:\/\/lptranslate.com\/de\/wp-json\/wp\/v2\/types\/page"}],"author":[{"embeddable":true,"href":"https:\/\/lptranslate.com\/de\/wp-json\/wp\/v2\/users\/3"}],"replies":[{"embeddable":true,"href":"https:\/\/lptranslate.com\/de\/wp-json\/wp\/v2\/comments?post=5866"}],"version-history":[{"count":8,"href":"https:\/\/lptranslate.com\/de\/wp-json\/wp\/v2\/pages\/5866\/revisions"}],"predecessor-version":[{"id":6995,"href":"https:\/\/lptranslate.com\/de\/wp-json\/wp\/v2\/pages\/5866\/revisions\/6995"}],"up":[{"embeddable":true,"href":"https:\/\/lptranslate.com\/de\/wp-json\/wp\/v2\/pages\/739"}],"wp:attachment":[{"href":"https:\/\/lptranslate.com\/de\/wp-json\/wp\/v2\/media?parent=5866"}],"curies":[{"name":"wp","href":"https:\/\/api.w.org\/{rel}","templated":true}]}}