{"id":8376,"date":"2024-10-11T23:03:57","date_gmt":"2024-10-12T03:03:57","guid":{"rendered":"https:\/\/lptranslate.com\/?page_id=8376"},"modified":"2026-01-20T18:39:28","modified_gmt":"2026-01-20T22:39:28","slug":"servicios-notariales-en-usa","status":"publish","type":"page","link":"https:\/\/lptranslate.com\/de\/servicios-notariales-en-usa\/","title":{"rendered":"Notarielle Dienstleistungen"},"content":{"rendered":"<div data-elementor-type=\"wp-page\" data-elementor-id=\"8376\" class=\"elementor elementor-8376\" data-elementor-settings=\"{&quot;ha_cmc_init_switcher&quot;:&quot;no&quot;}\" data-elementor-post-type=\"page\">\n\t\t\t\t\t\t<section class=\"elementor-section elementor-top-section elementor-element elementor-element-334a219 elementor-reverse-tablet elementor-reverse-mobile elementor-section-boxed elementor-section-height-default elementor-section-height-default\" data-id=\"334a219\" data-element_type=\"section\" data-e-type=\"section\" data-settings=\"{&quot;background_background&quot;:&quot;classic&quot;,&quot;_ha_eqh_enable&quot;:false}\">\n\t\t\t\t\t\t\t<div class=\"elementor-background-overlay\"><\/div>\n\t\t\t\t\t\t\t<div class=\"elementor-container elementor-column-gap-default\">\n\t\t\t\t\t<div class=\"elementor-column elementor-col-50 elementor-top-column elementor-element elementor-element-f53b39f\" data-id=\"f53b39f\" data-element_type=\"column\" data-e-type=\"column\">\n\t\t\t<div class=\"elementor-widget-wrap elementor-element-populated\">\n\t\t\t\t\t\t<div class=\"elementor-element elementor-element-e354b6e elementor-widget elementor-widget-heading\" data-id=\"e354b6e\" data-element_type=\"widget\" data-e-type=\"widget\" data-widget_type=\"heading.default\">\n\t\t\t\t<div class=\"elementor-widget-container\">\n\t\t\t\t\t<h2 class=\"elementor-heading-title elementor-size-default\">Notarielle Dienstleistungen<\/h2>\t\t\t\t<\/div>\n\t\t\t\t<\/div>\n\t\t\t\t<div class=\"elementor-element elementor-element-d666fdd elementor-widget-divider--view-line elementor-widget elementor-widget-divider\" data-id=\"d666fdd\" data-element_type=\"widget\" data-e-type=\"widget\" data-widget_type=\"divider.default\">\n\t\t\t\t<div class=\"elementor-widget-container\">\n\t\t\t\t\t\t\t<div class=\"elementor-divider\">\n\t\t\t<span class=\"elementor-divider-separator\">\n\t\t\t\t\t\t<\/span>\n\t\t<\/div>\n\t\t\t\t\t\t<\/div>\n\t\t\t\t<\/div>\n\t\t\t\t<div class=\"elementor-element elementor-element-e86901b elementor-widget elementor-widget-text-editor\" data-id=\"e86901b\" data-element_type=\"widget\" data-e-type=\"widget\" data-widget_type=\"text-editor.default\">\n\t\t\t\t<div class=\"elementor-widget-container\">\n\t\t\t\t\t\t\t\t\t<p>In den Vereinigten Staaten ist ein Notary Public ein Beamter, der befugt ist, Dokumente zu beglaubigen und zu authentifizieren, eidesstattliche Erkl\u00e4rungen und Aussagen entgegenzunehmen und Dienstleistungen zu erbringen, die das Vertrauen in Rechtsdokumente st\u00e4rken. Die Einschaltung eines Notars tr\u00e4gt zur Verringerung von Betrug bei, da er als unparteiischer Zeuge die Identit\u00e4t der Unterzeichner pr\u00fcft. Es ist jedoch wichtig zu wissen, dass die notarielle Beglaubigung eines Dokuments keine Garantie daf\u00fcr ist, dass der Inhalt wahr ist, sondern nur, dass die Unterzeichner die sind, die sie vorgeben zu sein.<\/p>\t\t\t\t\t\t\t\t<\/div>\n\t\t\t\t<\/div>\n\t\t\t\t<div class=\"elementor-element elementor-element-bbe95ce elementor-widget elementor-widget-text-editor\" data-id=\"bbe95ce\" data-element_type=\"widget\" data-e-type=\"widget\" data-widget_type=\"text-editor.default\">\n\t\t\t\t<div class=\"elementor-widget-container\">\n\t\t\t\t\t\t\t\t\t<p>Wenn Sie um eine notariell beglaubigte \u00dcbersetzung gebeten werden, bieten wir diesen Service auch in den Vereinigten Staaten an. Obwohl es sich hierbei nicht um eine neue Dienstleistung handelt, m\u00f6chten wir Sie daran erinnern, dass sie f\u00fcr diejenigen, die sie ben\u00f6tigen, zur Verf\u00fcgung steht und Ihnen eine gr\u00f6\u00dfere Rechtssicherheit f\u00fcr Ihre Dokumente bietet.<\/p>\t\t\t\t\t\t\t\t<\/div>\n\t\t\t\t<\/div>\n\t\t\t\t\t<\/div>\n\t\t<\/div>\n\t\t\t\t<div class=\"elementor-column elementor-col-50 elementor-top-column elementor-element elementor-element-d53664a\" data-id=\"d53664a\" data-element_type=\"column\" data-e-type=\"column\">\n\t\t\t<div class=\"elementor-widget-wrap elementor-element-populated\">\n\t\t\t\t\t\t<div class=\"elementor-element elementor-element-ad149d7 elementor-widget elementor-widget-heading\" data-id=\"ad149d7\" data-element_type=\"widget\" data-e-type=\"widget\" data-widget_type=\"heading.default\">\n\t\t\t\t<div class=\"elementor-widget-container\">\n\t\t\t\t\t<h3 class=\"elementor-heading-title elementor-size-default\">Wussten Sie, dass...<\/h3>\t\t\t\t<\/div>\n\t\t\t\t<\/div>\n\t\t\t\t<div class=\"elementor-element elementor-element-08122d4 elementor-widget elementor-widget-text-editor\" data-id=\"08122d4\" data-element_type=\"widget\" data-e-type=\"widget\" data-widget_type=\"text-editor.default\">\n\t\t\t\t<div class=\"elementor-widget-container\">\n\t\t\t\t\t\t\t\t\t<p>F\u00fcr bestimmte Verfahren in den Vereinigten Staaten ist nicht nur eine beglaubigte \u00dcbersetzung Ihrer Dokumente erforderlich, sondern sie m\u00fcssen auch notariell beglaubigt werden. Dadurch wird sichergestellt, dass sowohl die \u00dcbersetzung als auch die Echtheit der Unterzeichner \u00fcberpr\u00fcft werden, was Ihren Dokumenten mehr Rechtsg\u00fcltigkeit verleiht.\u00a0<\/p>\t\t\t\t\t\t\t\t<\/div>\n\t\t\t\t<\/div>\n\t\t\t\t<div class=\"elementor-element elementor-element-610c391 elementor-widget elementor-widget-heading\" data-id=\"610c391\" data-element_type=\"widget\" data-e-type=\"widget\" data-widget_type=\"heading.default\">\n\t\t\t\t<div class=\"elementor-widget-container\">\n\t\t\t\t\t<h4 class=\"elementor-heading-title elementor-size-default\">Vergewissern Sie sich, dass Sie beide Anforderungen erf\u00fcllen, um Unannehmlichkeiten zu vermeiden!<\/h4>\t\t\t\t<\/div>\n\t\t\t\t<\/div>\n\t\t\t\t<div class=\"elementor-element elementor-element-8c2991f elementor-button-danger elementor-align-center elementor-widget elementor-widget-button\" data-id=\"8c2991f\" data-element_type=\"widget\" data-e-type=\"widget\" data-widget_type=\"button.default\">\n\t\t\t\t<div class=\"elementor-widget-container\">\n\t\t\t\t\t\t\t\t\t<div class=\"elementor-button-wrapper\">\n\t\t\t\t\t<a class=\"elementor-button elementor-button-link elementor-size-sm\" href=\"https:\/\/lptranslate.com\/de\/product\/pagina-servicios-notariales\/\">\n\t\t\t\t\t\t<span class=\"elementor-button-content-wrapper\">\n\t\t\t\t\t\t\t\t\t<span class=\"elementor-button-text\">In den Warenkorb legen<\/span>\n\t\t\t\t\t<\/span>\n\t\t\t\t\t<\/a>\n\t\t\t\t<\/div>\n\t\t\t\t\t\t\t\t<\/div>\n\t\t\t\t<\/div>\n\t\t\t\t<div class=\"elementor-element elementor-element-9eace9f elementor-widget elementor-widget-text-editor\" data-id=\"9eace9f\" data-element_type=\"widget\" data-e-type=\"widget\" data-widget_type=\"text-editor.default\">\n\t\t\t\t<div class=\"elementor-widget-container\">\n\t\t\t\t\t\t\t\t\t<p>*Der \u00dcbersetzungsdienst <strong>umfasst nicht<\/strong> die notarielle Beglaubigung des Dokuments. Wenn Sie die \u00dcbersetzung notariell beglaubigen lassen m\u00f6chten, m\u00fcssen Sie den Notariatsdienst hinzuf\u00fcgen. <strong>zus\u00e4tzlich<\/strong> in den Warenkorb legen, wenn Sie Ihre Bestellung aufgeben. W\u00e4hlen Sie diese Option unbedingt aus, wenn Ihre \u00dcbersetzung notariell beglaubigt werden muss.<\/p>\t\t\t\t\t\t\t\t<\/div>\n\t\t\t\t<\/div>\n\t\t\t\t\t<\/div>\n\t\t<\/div>\n\t\t\t\t\t<\/div>\n\t\t<\/section>\n\t\t\t\t<\/div>","protected":false},"excerpt":{"rendered":"<p>Servicios Notariales En los Estados Unidos, un notario p\u00fablico es un funcionario autorizado para certificar y autenticar documentos, tomar declaraciones juradas y deposiciones, y brindar servicios que aumentan la confianza en los documentos legales. La intervenci\u00f3n de un notario p\u00fablico ayuda a reducir el fraude, ya que act\u00faan como testigos imparciales que verifican la identidad [&hellip;]<\/p>\n","protected":false},"author":2,"featured_media":8404,"parent":0,"menu_order":0,"comment_status":"closed","ping_status":"closed","template":"elementor_header_footer","meta":{"_acf_changed":false,"site-sidebar-layout":"no-sidebar","site-content-layout":"page-builder","ast-site-content-layout":"full-width-container","site-content-style":"unboxed","site-sidebar-style":"unboxed","ast-global-header-display":"","ast-banner-title-visibility":"","ast-main-header-display":"","ast-hfb-above-header-display":"","ast-hfb-below-header-display":"","ast-hfb-mobile-header-display":"","site-post-title":"disabled","ast-breadcrumbs-content":"","ast-featured-img":"disabled","footer-sml-layout":"","ast-disable-related-posts":"","theme-transparent-header-meta":"enabled","adv-header-id-meta":"","stick-header-meta":"","header-above-stick-meta":"","header-main-stick-meta":"","header-below-stick-meta":"","astra-migrate-meta-layouts":"set","ast-page-background-enabled":"default","ast-page-background-meta":{"desktop":{"background-color":"var(--ast-global-color-4)","background-image":"","background-repeat":"repeat","background-position":"center center","background-size":"auto","background-attachment":"scroll","background-type":"","background-media":"","overlay-type":"","overlay-color":"","overlay-opacity":"","overlay-gradient":""},"tablet":{"background-color":"","background-image":"","background-repeat":"repeat","background-position":"center center","background-size":"auto","background-attachment":"scroll","background-type":"","background-media":"","overlay-type":"","overlay-color":"","overlay-opacity":"","overlay-gradient":""},"mobile":{"background-color":"","background-image":"","background-repeat":"repeat","background-position":"center center","background-size":"auto","background-attachment":"scroll","background-type":"","background-media":"","overlay-type":"","overlay-color":"","overlay-opacity":"","overlay-gradient":""}},"ast-content-background-meta":{"desktop":{"background-color":"var(--ast-global-color-5)","background-image":"","background-repeat":"repeat","background-position":"center center","background-size":"auto","background-attachment":"scroll","background-type":"","background-media":"","overlay-type":"","overlay-color":"","overlay-opacity":"","overlay-gradient":""},"tablet":{"background-color":"var(--ast-global-color-5)","background-image":"","background-repeat":"repeat","background-position":"center center","background-size":"auto","background-attachment":"scroll","background-type":"","background-media":"","overlay-type":"","overlay-color":"","overlay-opacity":"","overlay-gradient":""},"mobile":{"background-color":"var(--ast-global-color-5)","background-image":"","background-repeat":"repeat","background-position":"center center","background-size":"auto","background-attachment":"scroll","background-type":"","background-media":"","overlay-type":"","overlay-color":"","overlay-opacity":"","overlay-gradient":""}},"_joinchat":[],"footnotes":""},"class_list":["post-8376","page","type-page","status-publish","has-post-thumbnail","hentry"],"acf":[],"_links":{"self":[{"href":"https:\/\/lptranslate.com\/de\/wp-json\/wp\/v2\/pages\/8376","targetHints":{"allow":["GET"]}}],"collection":[{"href":"https:\/\/lptranslate.com\/de\/wp-json\/wp\/v2\/pages"}],"about":[{"href":"https:\/\/lptranslate.com\/de\/wp-json\/wp\/v2\/types\/page"}],"author":[{"embeddable":true,"href":"https:\/\/lptranslate.com\/de\/wp-json\/wp\/v2\/users\/2"}],"replies":[{"embeddable":true,"href":"https:\/\/lptranslate.com\/de\/wp-json\/wp\/v2\/comments?post=8376"}],"version-history":[{"count":22,"href":"https:\/\/lptranslate.com\/de\/wp-json\/wp\/v2\/pages\/8376\/revisions"}],"predecessor-version":[{"id":17592,"href":"https:\/\/lptranslate.com\/de\/wp-json\/wp\/v2\/pages\/8376\/revisions\/17592"}],"wp:featuredmedia":[{"embeddable":true,"href":"https:\/\/lptranslate.com\/de\/wp-json\/wp\/v2\/media\/8404"}],"wp:attachment":[{"href":"https:\/\/lptranslate.com\/de\/wp-json\/wp\/v2\/media?parent=8376"}],"curies":[{"name":"wp","href":"https:\/\/api.w.org\/{rel}","templated":true}]}}