{"id":21607,"date":"2026-05-08T14:39:10","date_gmt":"2026-05-08T18:39:10","guid":{"rendered":"https:\/\/lptranslate.com\/traductor-certificado\/"},"modified":"2026-05-08T14:39:10","modified_gmt":"2026-05-08T18:39:10","slug":"traductor-certificado","status":"publish","type":"page","link":"https:\/\/lptranslate.com\/en\/traductor-certificado\/","title":{"rendered":"Traductor Certificado"},"content":{"rendered":"<div class=\"lp-seo-wrap\">\n        <h1>Traducci\u00f3n Certificada por Estado<\/h1>\n        <p class=\"lp-intro\">Selecciona tu estado para conocer m\u00e1s sobre nuestro servicio de traducci\u00f3n certificada para tr\u00e1mites de inmigraci\u00f3n y USCIS.<\/p>\n        <div class=\"lp-seo-estados-grid\">\n                    <a class=\"lp-seo-estado-link\" href=\"https:\/\/lptranslate.com\/en\/traductor-certificado\/alabama\/\">Alabama<\/a>\n                    <a class=\"lp-seo-estado-link\" href=\"https:\/\/lptranslate.com\/en\/traductor-certificado\/alaska\/\">Alaska<\/a>\n                    <a class=\"lp-seo-estado-link\" href=\"https:\/\/lptranslate.com\/en\/traductor-certificado\/arizona\/\">Arizona<\/a>\n                    <a class=\"lp-seo-estado-link\" href=\"https:\/\/lptranslate.com\/en\/traductor-certificado\/arkansas\/\">Arkansas<\/a>\n                    <a class=\"lp-seo-estado-link\" href=\"https:\/\/lptranslate.com\/en\/traductor-certificado\/california\/\">California<\/a>\n                    <a class=\"lp-seo-estado-link\" href=\"https:\/\/lptranslate.com\/en\/traductor-certificado\/colorado\/\">Colorado<\/a>\n                    <a class=\"lp-seo-estado-link\" href=\"https:\/\/lptranslate.com\/en\/traductor-certificado\/connecticut\/\">Connecticut<\/a>\n                    <a class=\"lp-seo-estado-link\" href=\"https:\/\/lptranslate.com\/en\/traductor-certificado\/delaware\/\">Delaware<\/a>\n                    <a class=\"lp-seo-estado-link\" href=\"https:\/\/lptranslate.com\/en\/traductor-certificado\/florida\/\">Florida<\/a>\n                    <a class=\"lp-seo-estado-link\" href=\"https:\/\/lptranslate.com\/en\/traductor-certificado\/georgia\/\">Georgia<\/a>\n                    <a class=\"lp-seo-estado-link\" href=\"https:\/\/lptranslate.com\/en\/traductor-certificado\/hawaii\/\">Hawaii<\/a>\n                    <a class=\"lp-seo-estado-link\" href=\"https:\/\/lptranslate.com\/en\/traductor-certificado\/idaho\/\">Idaho<\/a>\n                    <a class=\"lp-seo-estado-link\" href=\"https:\/\/lptranslate.com\/en\/traductor-certificado\/illinois\/\">Illinois<\/a>\n                    <a class=\"lp-seo-estado-link\" href=\"https:\/\/lptranslate.com\/en\/traductor-certificado\/indiana\/\">Indiana<\/a>\n                    <a class=\"lp-seo-estado-link\" href=\"https:\/\/lptranslate.com\/en\/traductor-certificado\/iowa\/\">Iowa<\/a>\n                    <a class=\"lp-seo-estado-link\" href=\"https:\/\/lptranslate.com\/en\/traductor-certificado\/kansas\/\">Kansas<\/a>\n                    <a class=\"lp-seo-estado-link\" href=\"https:\/\/lptranslate.com\/en\/traductor-certificado\/kentucky\/\">Kentucky<\/a>\n                    <a class=\"lp-seo-estado-link\" href=\"https:\/\/lptranslate.com\/en\/traductor-certificado\/louisiana\/\">Louisiana<\/a>\n                    <a class=\"lp-seo-estado-link\" href=\"https:\/\/lptranslate.com\/en\/traductor-certificado\/maine\/\">Maine<\/a>\n                    <a class=\"lp-seo-estado-link\" href=\"https:\/\/lptranslate.com\/en\/traductor-certificado\/maryland\/\">Maryland<\/a>\n                    <a class=\"lp-seo-estado-link\" href=\"https:\/\/lptranslate.com\/en\/traductor-certificado\/massachusetts\/\">Massachusetts<\/a>\n                    <a class=\"lp-seo-estado-link\" href=\"https:\/\/lptranslate.com\/en\/traductor-certificado\/michigan\/\">Michigan<\/a>\n                    <a class=\"lp-seo-estado-link\" href=\"https:\/\/lptranslate.com\/en\/traductor-certificado\/minnesota\/\">Minnesota<\/a>\n                    <a class=\"lp-seo-estado-link\" href=\"https:\/\/lptranslate.com\/en\/traductor-certificado\/mississippi\/\">Mississippi<\/a>\n                    <a class=\"lp-seo-estado-link\" href=\"https:\/\/lptranslate.com\/en\/traductor-certificado\/missouri\/\">Missouri<\/a>\n                    <a class=\"lp-seo-estado-link\" href=\"https:\/\/lptranslate.com\/en\/traductor-certificado\/montana\/\">Montana<\/a>\n                    <a class=\"lp-seo-estado-link\" href=\"https:\/\/lptranslate.com\/en\/traductor-certificado\/nebraska\/\">Nebraska<\/a>\n                    <a class=\"lp-seo-estado-link\" href=\"https:\/\/lptranslate.com\/en\/traductor-certificado\/nevada\/\">Nevada<\/a>\n                    <a class=\"lp-seo-estado-link\" href=\"https:\/\/lptranslate.com\/en\/traductor-certificado\/new-hampshire\/\">New Hampshire<\/a>\n                    <a class=\"lp-seo-estado-link\" href=\"https:\/\/lptranslate.com\/en\/traductor-certificado\/new-jersey\/\">New Jersey<\/a>\n                    <a class=\"lp-seo-estado-link\" href=\"https:\/\/lptranslate.com\/en\/traductor-certificado\/new-mexico\/\">New Mexico<\/a>\n                    <a class=\"lp-seo-estado-link\" href=\"https:\/\/lptranslate.com\/en\/traductor-certificado\/new-york\/\">New York<\/a>\n                    <a class=\"lp-seo-estado-link\" href=\"https:\/\/lptranslate.com\/en\/traductor-certificado\/north-carolina\/\">North Carolina<\/a>\n                    <a class=\"lp-seo-estado-link\" href=\"https:\/\/lptranslate.com\/en\/traductor-certificado\/north-dakota\/\">North Dakota<\/a>\n                    <a class=\"lp-seo-estado-link\" href=\"https:\/\/lptranslate.com\/en\/traductor-certificado\/ohio\/\">Ohio<\/a>\n                    <a class=\"lp-seo-estado-link\" href=\"https:\/\/lptranslate.com\/en\/traductor-certificado\/oklahoma\/\">Oklahoma<\/a>\n                    <a class=\"lp-seo-estado-link\" href=\"https:\/\/lptranslate.com\/en\/traductor-certificado\/oregon\/\">Oregon<\/a>\n                    <a class=\"lp-seo-estado-link\" href=\"https:\/\/lptranslate.com\/en\/traductor-certificado\/pennsylvania\/\">Pennsylvania<\/a>\n                    <a class=\"lp-seo-estado-link\" href=\"https:\/\/lptranslate.com\/en\/traductor-certificado\/rhode-island\/\">Rhode Island<\/a>\n                    <a class=\"lp-seo-estado-link\" href=\"https:\/\/lptranslate.com\/en\/traductor-certificado\/south-carolina\/\">South Carolina<\/a>\n                    <a class=\"lp-seo-estado-link\" href=\"https:\/\/lptranslate.com\/en\/traductor-certificado\/south-dakota\/\">South Dakota<\/a>\n                    <a class=\"lp-seo-estado-link\" href=\"https:\/\/lptranslate.com\/en\/traductor-certificado\/tennessee\/\">Tennessee<\/a>\n                    <a class=\"lp-seo-estado-link\" href=\"https:\/\/lptranslate.com\/en\/traductor-certificado\/texas\/\">Texas<\/a>\n                    <a class=\"lp-seo-estado-link\" href=\"https:\/\/lptranslate.com\/en\/traductor-certificado\/utah\/\">Utah<\/a>\n                    <a class=\"lp-seo-estado-link\" href=\"https:\/\/lptranslate.com\/en\/traductor-certificado\/vermont\/\">Vermont<\/a>\n                    <a class=\"lp-seo-estado-link\" href=\"https:\/\/lptranslate.com\/en\/traductor-certificado\/virginia\/\">Virginia<\/a>\n                    <a class=\"lp-seo-estado-link\" href=\"https:\/\/lptranslate.com\/en\/traductor-certificado\/washington\/\">Washington<\/a>\n                    <a class=\"lp-seo-estado-link\" href=\"https:\/\/lptranslate.com\/en\/traductor-certificado\/west-virginia\/\">West Virginia<\/a>\n                    <a class=\"lp-seo-estado-link\" href=\"https:\/\/lptranslate.com\/en\/traductor-certificado\/wisconsin\/\">Wisconsin<\/a>\n                    <a class=\"lp-seo-estado-link\" href=\"https:\/\/lptranslate.com\/en\/traductor-certificado\/wyoming\/\">Wyoming<\/a>\n                <\/div>\n    <\/div>","protected":false},"excerpt":{"rendered":"","protected":false},"author":275,"featured_media":0,"parent":0,"menu_order":0,"comment_status":"closed","ping_status":"closed","template":"","meta":{"_acf_changed":false,"site-sidebar-layout":"default","site-content-layout":"","ast-site-content-layout":"default","site-content-style":"default","site-sidebar-style":"default","ast-global-header-display":"","ast-banner-title-visibility":"","ast-main-header-display":"","ast-hfb-above-header-display":"","ast-hfb-below-header-display":"","ast-hfb-mobile-header-display":"","site-post-title":"","ast-breadcrumbs-content":"","ast-featured-img":"","footer-sml-layout":"","ast-disable-related-posts":"","theme-transparent-header-meta":"","adv-header-id-meta":"","stick-header-meta":"","header-above-stick-meta":"","header-main-stick-meta":"","header-below-stick-meta":"","astra-migrate-meta-layouts":"default","ast-page-background-enabled":"default","ast-page-background-meta":{"desktop":{"background-color":"var(--ast-global-color-4)","background-image":"","background-repeat":"repeat","background-position":"center center","background-size":"auto","background-attachment":"scroll","background-type":"","background-media":"","overlay-type":"","overlay-color":"","overlay-opacity":"","overlay-gradient":""},"tablet":{"background-color":"","background-image":"","background-repeat":"repeat","background-position":"center center","background-size":"auto","background-attachment":"scroll","background-type":"","background-media":"","overlay-type":"","overlay-color":"","overlay-opacity":"","overlay-gradient":""},"mobile":{"background-color":"","background-image":"","background-repeat":"repeat","background-position":"center center","background-size":"auto","background-attachment":"scroll","background-type":"","background-media":"","overlay-type":"","overlay-color":"","overlay-opacity":"","overlay-gradient":""}},"ast-content-background-meta":{"desktop":{"background-color":"var(--ast-global-color-5)","background-image":"","background-repeat":"repeat","background-position":"center center","background-size":"auto","background-attachment":"scroll","background-type":"","background-media":"","overlay-type":"","overlay-color":"","overlay-opacity":"","overlay-gradient":""},"tablet":{"background-color":"var(--ast-global-color-5)","background-image":"","background-repeat":"repeat","background-position":"center center","background-size":"auto","background-attachment":"scroll","background-type":"","background-media":"","overlay-type":"","overlay-color":"","overlay-opacity":"","overlay-gradient":""},"mobile":{"background-color":"var(--ast-global-color-5)","background-image":"","background-repeat":"repeat","background-position":"center center","background-size":"auto","background-attachment":"scroll","background-type":"","background-media":"","overlay-type":"","overlay-color":"","overlay-opacity":"","overlay-gradient":""}},"_joinchat":[],"footnotes":""},"class_list":["post-21607","page","type-page","status-publish","hentry"],"acf":[],"_links":{"self":[{"href":"https:\/\/lptranslate.com\/en\/wp-json\/wp\/v2\/pages\/21607","targetHints":{"allow":["GET"]}}],"collection":[{"href":"https:\/\/lptranslate.com\/en\/wp-json\/wp\/v2\/pages"}],"about":[{"href":"https:\/\/lptranslate.com\/en\/wp-json\/wp\/v2\/types\/page"}],"author":[{"embeddable":true,"href":"https:\/\/lptranslate.com\/en\/wp-json\/wp\/v2\/users\/275"}],"replies":[{"embeddable":true,"href":"https:\/\/lptranslate.com\/en\/wp-json\/wp\/v2\/comments?post=21607"}],"version-history":[{"count":0,"href":"https:\/\/lptranslate.com\/en\/wp-json\/wp\/v2\/pages\/21607\/revisions"}],"wp:attachment":[{"href":"https:\/\/lptranslate.com\/en\/wp-json\/wp\/v2\/media?parent=21607"}],"curies":[{"name":"wp","href":"https:\/\/api.w.org\/{rel}","templated":true}]}}