{"id":4343,"date":"2024-04-04T11:31:38","date_gmt":"2024-04-04T15:31:38","guid":{"rendered":"https:\/\/lptranslate.com\/quien-somos\/"},"modified":"2025-12-09T17:35:59","modified_gmt":"2025-12-09T21:35:59","slug":"quienes-somos","status":"publish","type":"page","link":"https:\/\/lptranslate.com\/en\/quienes-somos\/","title":{"rendered":"Who we are"},"content":{"rendered":"<article id=\"\\&quot;sections\\&quot;\" class=\"\\&quot;sections\\&quot;\" data-page-sections=\"\\&quot;5fd179288185f4776a03bfb5\\&quot;\">\n<section class=\"\\'page-section\" data-test=\"\\&quot;page-section\\&quot;\" data-section-theme=\"\\&quot;white\\&quot;\" data-section-id=\"\\&quot;63bd773dcb5d7c8d09a901ef\\&quot;\" data-controller=\"\\&quot;SectionWrapperController\\&quot;\" data-current-styles=\"\\&quot;{\" data-current-context=\"\\&quot;{\" data-animation=\"\\&quot;none\\&quot;\" data-fluid-engine-section=\"\">\n<div class=\"\\&quot;section-border\\&quot;\">\n<div class=\"\\&quot;section-background\\&quot;\"><\/div>\n<\/div>\n<div class=\"\\'content-wrapper\\'\">\n<div class=\"\\&quot;content\\&quot;\">\n<div data-fluid-engine=\"\\&quot;true\\&quot;\">\n<style>\n<p>.fe-63bd773ddcbf71dd108cb51f {<br \/>  --grid-gutter: calc(var(--sqs-mobile-site-gutter, 6vw) - 0.0px);<br \/>  --cell-max-width: calc( ( var(--sqs-site-max-width, 1500px) - (0.0px * (8 - 1)) ) \/ 8 );<\/p>\n<p>  display: grid;<br \/>  position: relative;<br \/>  grid-area: 1\/1\/-1\/-1;<br \/>  grid-template-rows: repeat(43,minmax(24px, auto));<br \/>  grid-template-columns:<br \/>    minmax(var(--grid-gutter), 1fr)<br \/>    repeat(8, minmax(0, var(--cell-max-width)))<br \/>    minmax(var(--grid-gutter), 1fr);<br \/>  row-gap: 0.0px;<br \/>  column-gap: 0.0px;<br \/>}<\/p>\n<p>@media (min-width: 768px) {<br \/>  .background-width--inset .fe-63bd773ddcbf71dd108cb51f {<br \/>    --inset-padding: calc(var(--sqs-site-gutter) * 2);<br \/>  }<\/p>\n<p>  .fe-63bd773ddcbf71dd108cb51f {<br \/>    --grid-gutter: calc(var(--sqs-site-gutter, 4vw) - 0.0px);<br \/>    --cell-max-width: calc( ( var(--sqs-site-max-width, 1500px) - (0.0px * (24 - 1)) ) \/ 24 );<br \/>    --inset-padding: 0vw;<\/p>\n<p>    --row-height-scaling-factor: 0.0215;<br \/>    --container-width: min(var(--sqs-site-max-width, 1500px), calc(100vw - var(--sqs-site-gutter, 4vw) * 2 - var(--inset-padding) ));<\/p>\n<p>    grid-template-rows: repeat(26,minmax(calc(var(--container-width) * var(--row-height-scaling-factor)), auto));<br \/>    grid-template-columns:<br \/>      minmax(var(--grid-gutter), 1fr)<br \/>      repeat(24, minmax(0, var(--cell-max-width)))<br \/>      minmax(var(--grid-gutter), 1fr);<br \/>  }<br \/>}<\/p>\n<p>  .fe-block-63bd773de6af49a12d504caa {<br \/>    grid-area: 1\/2\/37\/10;<br \/>    z-index: 0;<\/p>\n<p>    @media (max-width: 767px) {<\/p>\n<p>    }<br \/>  }<\/p>\n<p>  .fe-block-63bd773de6af49a12d504caa .sqs-block {<br \/>    justify-content: flex-start;<br \/>  }<\/p>\n<p>  .fe-block-63bd773de6af49a12d504caa .sqs-block-alignment-wrapper {<br \/>    align-items: flex-start;<br \/>  }<\/p>\n<p>  @media (min-width: 768px) {<br \/>    .fe-block-63bd773de6af49a12d504caa {<br \/>      grid-area: 1\/2\/25\/15;<br \/>      z-index: 0;<\/p>\n<p>    }<\/p>\n<p>    .fe-block-63bd773de6af49a12d504caa .sqs-block {<br \/>      justify-content: flex-start;<br \/>    }<\/p>\n<p>    .fe-block-63bd773de6af49a12d504caa .sqs-block-alignment-wrapper {<br \/>      align-items: flex-start;<br \/>    }<br \/>  }<\/p>\n<p>  .fe-block-yui_3_17_2_1_1690252901694_6387 {<br \/>    grid-area: 38\/2\/44\/10;<br \/>    z-index: 1;<\/p>\n<p>    @media (max-width: 767px) {<\/p>\n<p>    }<br \/>  }<\/p>\n<p>  .fe-block-yui_3_17_2_1_1690252901694_6387 .sqs-block {<br \/>    justify-content: center;<br \/>  }<\/p>\n<p>  .fe-block-yui_3_17_2_1_1690252901694_6387 .sqs-block-alignment-wrapper {<br \/>    align-items: center;<br \/>  }<\/p>\n<p>  @media (min-width: 768px) {<br \/>    .fe-block-yui_3_17_2_1_1690252901694_6387 {<br \/>      grid-area: 2\/16\/24\/25;<br \/>      z-index: 1;<\/p>\n<p>    }<\/p>\n<p>    .fe-block-yui_3_17_2_1_1690252901694_6387 .sqs-block {<br \/>      justify-content: center;<br \/>    }<\/p>\n<p>    .fe-block-yui_3_17_2_1_1690252901694_6387 .sqs-block-alignment-wrapper {<br \/>      align-items: center;<br \/>    }<br \/>  }<\/p>\n<\/style>\n<div class=\"\\&quot;fluid-engine\">\n<div class=\"\\&quot;fe-block\">\n<div id=\"\\&quot;block-63bd773de6af49a12d504caa\\&quot;\" class=\"\\&quot;sqs-block\" data-block-type=\"\\&quot;2\\&quot;\" data-border-radii=\"\\&quot;{&quot;topLeft&quot;:{&quot;unit&quot;:&quot;px&quot;,&quot;value&quot;:0.0},&quot;topRight&quot;:{&quot;unit&quot;:&quot;px&quot;,&quot;value&quot;:0.0},&quot;bottomLeft&quot;:{&quot;unit&quot;:&quot;px&quot;,&quot;value&quot;:0.0},&quot;bottomRight&quot;:{&quot;unit&quot;:&quot;px&quot;,&quot;value&quot;:0.0}}\\&quot;\">\n<div class=\"\\&quot;sqs-block-content\\&quot;\">\n<div class=\"\\&quot;sqs-html-content\\&quot;\">\n<h4 style=\"0white-space: pre-wrap;\">We are L&amp;P Translations!<\/h4>\n<p class=\"\\&quot;\\&quot;\" style=\"0white-space: pre-wrap;\">We provide certified translations for official use, such as business documents and manuals, USCIS immigration documents, certified legal documents, diplomas and academic journals, medical records, etc. We offer same day delivery, free revisions and secure payment.<\/p>\n<p class=\"\\&quot;\\&quot;\" style=\"0white-space: pre-wrap;\">The process of obtaining legal status in the United States is a complex and often intimidating process. You need a team that can ensure that the documents you send to U.S. Citizenship and Immigration Services are certified, correct and recognized as valid legal documents.<\/p>\n<p class=\"\\&quot;\\&quot;\" style=\"0white-space: pre-wrap;\">Many immigration attorneys will charge high fees to translate foreign documents, but with L&amp;P you will get a fast and economical result. We partner with Immigration Paralegals, Processors, and Attorneys. Giving our clients confidence and peace of mind with our experience.<\/p>\n<p class=\"\\&quot;\\&quot;\" style=\"0white-space: pre-wrap;\">The best part is that you can get a direct quote in minutes!<\/p>\n<p class=\"\\&quot;\\&quot;\" style=\"0white-space: pre-wrap;\">By sending an e-mail with the documents to <a href=\"\/en\/\\&quot;mailto:legaldocumentupload@gmail.com\/?subject=Documentos%20Para%20Traducir\\&quot;\">legaldocumentupload@gmail.com<\/a><\/p>\n<p class=\"\\&quot;\\&quot;\" style=\"0white-space: pre-wrap;\">Or call us <a href=\"\/en\/\\&quot;tel:+17865207185\\&quot;\/\">(786) 520-7185<\/a>.<\/p>\n<\/div>\n<\/div>\n<\/div>\n<\/div>\n<div class=\"\\&quot;fe-block\">\n<div id=\"\\&quot;block-yui_3_17_2_1_1690252901694_6387\\&quot;\" class=\"\\&quot;sqs-block\" data-aspect-ratio=\"\\&quot;150\\&quot;\" data-block-type=\"\\&quot;5\\&quot;\">\n<div class=\"\\&quot;sqs-block-content\\&quot;\">\n<p>&nbsp;<\/p>\n<p>&nbsp;<\/p>\n<p>&nbsp;<\/p>\n<div class=\"\\&quot;\" data-test=\"\\&quot;image-block-fluid-outer-wrapper\\&quot;\">\n<div class=\"\\&quot;fluid-image-animation-wrapper\" data-animation-role=\"\\&quot;image\\&quot;\">\n<div class=\"\\&quot;fluid-image-container\" hidden=\"\" data-shape-mask=\"\\&quot;arched-window\\&quot;\">\n<div class=\"\\&quot;content-fill\\&quot;\">\n<p><img decoding=\"async\" style=\"0display: block;\" src=\"\\&quot;https:\/\/images.squarespace-cdn.com\/content\/v1\/5fd17896cd220b4e51717f47\/d5c63df3-6869-4fe0-820e-4c090fe849d2\/IMG_2078.JPG\\&quot;\" sizes=\"\\&quot;100vw\\&quot;\" srcset=\"\\&quot;https:\/\/images.squarespace-cdn.com\/content\/v1\/5fd17896cd220b4e51717f47\/d5c63df3-6869-4fe0-820e-4c090fe849d2\/IMG_2078.JPG?format=100w\" alt=\"\\&quot;\\&quot;\" width=\"\\&quot;4000\\&quot;\" height=\"\\&quot;6000\\&quot;\" data-stretch=\"\\&quot;false\\&quot;\" data-image=\"\\&quot;https:\/\/images.squarespace-cdn.com\/content\/v1\/5fd17896cd220b4e51717f47\/d5c63df3-6869-4fe0-820e-4c090fe849d2\/IMG_2078.JPG\\&quot;\" data-image-dimensions=\"\\&quot;4000x6000\\&quot;\" data-image-focal-point=\"\\&quot;0.5,0.5\\&quot;\" data-load=\"\\&quot;false\\&quot;\" data-loader=\"\\&quot;sqs\\&quot;\" title=\"\"><\/p>\n<div class=\"\\&quot;fluidImageOverlay\\&quot;\"><\/div>\n<\/div>\n<\/div>\n<\/div>\n<\/div>\n<style>\n      .sqs-block-image .sqs-block-content {<br \/>        height: 100%;<br \/>        width: 100%;<br \/>      }<\/p>\n<p>        .fe-block-yui_3_17_2_1_1690252901694_6387 .fluidImageOverlay {<br \/>          position: absolute;<br \/>          top: 0;<br \/>          left: 0;<br \/>          width: 100%;<br \/>          height: 100%;<br \/>          mix-blend-mode: normal;<\/p>\n<p>                --image-block-overlay-color: <\/p>\n<p>    hsla(var(--white-hsl), 0.05)<\/p>\n<p>;<\/p>\n<p>            opacity: 1;<\/p>\n<p>        }<\/p>\n<\/style>\n<\/div>\n<\/div>\n<\/div>\n<\/div>\n<\/div>\n<\/div>\n<\/div>\n<\/section>\n<\/article>","protected":false},"excerpt":{"rendered":"<p>Somos L&amp;P Translations! Realizamos traducciones certificadas para uso oficial, como documentos y manuales comerciales, documentos de inmigraci\u00f3n de USCIS, documentos legales certificados, diplomas y revistas acad\u00e9micas, registros m\u00e9dicos, etc. Ofrecemos entrega el mismo d\u00eda, revisiones gratuitas y pago seguro. El proceso de obtener un estatus legal en los Estados Unidos es un proceso complejo y, [&hellip;]<\/p>\n","protected":false},"author":3,"featured_media":0,"parent":0,"menu_order":0,"comment_status":"closed","ping_status":"closed","template":"","meta":{"_acf_changed":false,"site-sidebar-layout":"default","site-content-layout":"","ast-site-content-layout":"default","site-content-style":"default","site-sidebar-style":"default","ast-global-header-display":"","ast-banner-title-visibility":"","ast-main-header-display":"","ast-hfb-above-header-display":"","ast-hfb-below-header-display":"","ast-hfb-mobile-header-display":"","site-post-title":"","ast-breadcrumbs-content":"","ast-featured-img":"","footer-sml-layout":"","ast-disable-related-posts":"","theme-transparent-header-meta":"default","adv-header-id-meta":"","stick-header-meta":"","header-above-stick-meta":"","header-main-stick-meta":"","header-below-stick-meta":"","astra-migrate-meta-layouts":"set","ast-page-background-enabled":"default","ast-page-background-meta":{"desktop":{"background-color":"var(--ast-global-color-4)","background-image":"","background-repeat":"repeat","background-position":"center center","background-size":"auto","background-attachment":"scroll","background-type":"","background-media":"","overlay-type":"","overlay-color":"","overlay-opacity":"","overlay-gradient":""},"tablet":{"background-color":"","background-image":"","background-repeat":"repeat","background-position":"center center","background-size":"auto","background-attachment":"scroll","background-type":"","background-media":"","overlay-type":"","overlay-color":"","overlay-opacity":"","overlay-gradient":""},"mobile":{"background-color":"","background-image":"","background-repeat":"repeat","background-position":"center center","background-size":"auto","background-attachment":"scroll","background-type":"","background-media":"","overlay-type":"","overlay-color":"","overlay-opacity":"","overlay-gradient":""}},"ast-content-background-meta":{"desktop":{"background-color":"var(--ast-global-color-5)","background-image":"","background-repeat":"repeat","background-position":"center center","background-size":"auto","background-attachment":"scroll","background-type":"","background-media":"","overlay-type":"","overlay-color":"","overlay-opacity":"","overlay-gradient":""},"tablet":{"background-color":"var(--ast-global-color-5)","background-image":"","background-repeat":"repeat","background-position":"center center","background-size":"auto","background-attachment":"scroll","background-type":"","background-media":"","overlay-type":"","overlay-color":"","overlay-opacity":"","overlay-gradient":""},"mobile":{"background-color":"var(--ast-global-color-5)","background-image":"","background-repeat":"repeat","background-position":"center center","background-size":"auto","background-attachment":"scroll","background-type":"","background-media":"","overlay-type":"","overlay-color":"","overlay-opacity":"","overlay-gradient":""}},"_joinchat":[],"footnotes":""},"class_list":["post-4343","page","type-page","status-publish","hentry"],"acf":[],"_links":{"self":[{"href":"https:\/\/lptranslate.com\/en\/wp-json\/wp\/v2\/pages\/4343","targetHints":{"allow":["GET"]}}],"collection":[{"href":"https:\/\/lptranslate.com\/en\/wp-json\/wp\/v2\/pages"}],"about":[{"href":"https:\/\/lptranslate.com\/en\/wp-json\/wp\/v2\/types\/page"}],"author":[{"embeddable":true,"href":"https:\/\/lptranslate.com\/en\/wp-json\/wp\/v2\/users\/3"}],"replies":[{"embeddable":true,"href":"https:\/\/lptranslate.com\/en\/wp-json\/wp\/v2\/comments?post=4343"}],"version-history":[{"count":2,"href":"https:\/\/lptranslate.com\/en\/wp-json\/wp\/v2\/pages\/4343\/revisions"}],"predecessor-version":[{"id":6890,"href":"https:\/\/lptranslate.com\/en\/wp-json\/wp\/v2\/pages\/4343\/revisions\/6890"}],"wp:attachment":[{"href":"https:\/\/lptranslate.com\/en\/wp-json\/wp\/v2\/media?parent=4343"}],"curies":[{"name":"wp","href":"https:\/\/api.w.org\/{rel}","templated":true}]}}