{"id":21590,"date":"2026-05-08T01:53:04","date_gmt":"2026-05-08T05:53:04","guid":{"rendered":"https:\/\/lptranslate.com\/?page_id=21590"},"modified":"2026-05-08T19:37:14","modified_gmt":"2026-05-08T23:37:14","slug":"quiz","status":"publish","type":"page","link":"https:\/\/lptranslate.com\/fr\/quiz\/","title":{"rendered":"quiz"},"content":{"rendered":"<div data-elementor-type=\"wp-page\" data-elementor-id=\"21590\" class=\"elementor elementor-21590\" data-elementor-settings=\"{&quot;ha_cmc_init_switcher&quot;:&quot;no&quot;}\" data-elementor-post-type=\"page\">\n\t\t\t\t<div class=\"elementor-element elementor-element-7313687 e-flex e-con-boxed e-con e-parent\" data-id=\"7313687\" data-element_type=\"container\" data-e-type=\"container\" data-settings=\"{&quot;_ha_eqh_enable&quot;:false}\">\n\t\t\t\t\t<div class=\"e-con-inner\">\n\t\t\t\t<div class=\"elementor-element elementor-element-5790281 elementor-widget elementor-widget-shortcode\" data-id=\"5790281\" data-element_type=\"widget\" data-e-type=\"widget\" data-widget_type=\"shortcode.default\">\n\t\t\t\t<div class=\"elementor-widget-container\">\n\t\t\t\t\t\t\t<div class=\"elementor-shortcode\">    <div id=\"lpqe-wrap\" class=\"lpqe-wrap\">\n        <div class=\"lpqe-hero\">\n            <div class=\"lpqe-hero-tag\">Quiz gratuito<\/div>\n            <h2 class=\"lpqe-hero-title\">\u00bfA qu\u00e9 pa\u00eds deber\u00edas emigrar?<\/h2>\n            <p class=\"lpqe-hero-sub\">Responde 8 preguntas y descubre tu destino ideal \u2014 m\u00e1s los documentos que necesitas traducir antes de irte.<\/p>\n        <\/div>\n        <div class=\"lpqe-card\">\n            <div class=\"lpqe-progress-wrap\" id=\"lpqeProgressWrap\">\n                <div class=\"lpqe-progress-meta\">\n                    <span id=\"lpqeProgLabel\">Pregunta 1 de 8<\/span>\n                    <span id=\"lpqeProgPct\">12%<\/span>\n                <\/div>\n                <div class=\"lpqe-progress-bar\">\n                    <div class=\"lpqe-progress-fill\" id=\"lpqeProgFill\" style=\"width:12%\"><\/div>\n                <\/div>\n            <\/div>\n            <div id=\"lpqeSteps\"><\/div>\n        <\/div>\n    <\/div>\n    <\/div>\n\t\t\t\t\t\t<\/div>\n\t\t\t\t<\/div>\n\t\t\t\t\t<\/div>\n\t\t\t\t<\/div>\n\t\t\t\t<\/div>","protected":false},"excerpt":{"rendered":"","protected":false},"author":275,"featured_media":0,"parent":0,"menu_order":0,"comment_status":"closed","ping_status":"closed","template":"elementor_header_footer","meta":{"_acf_changed":false,"site-sidebar-layout":"no-sidebar","site-content-layout":"page-builder","ast-site-content-layout":"full-width-container","site-content-style":"default","site-sidebar-style":"default","ast-global-header-display":"","ast-banner-title-visibility":"","ast-main-header-display":"","ast-hfb-above-header-display":"","ast-hfb-below-header-display":"","ast-hfb-mobile-header-display":"","site-post-title":"","ast-breadcrumbs-content":"","ast-featured-img":"disabled","footer-sml-layout":"","ast-disable-related-posts":"","theme-transparent-header-meta":"default","adv-header-id-meta":"","stick-header-meta":"","header-above-stick-meta":"","header-main-stick-meta":"","header-below-stick-meta":"","astra-migrate-meta-layouts":"set","ast-page-background-enabled":"default","ast-page-background-meta":{"desktop":{"background-color":"var(--ast-global-color-4)","background-image":"","background-repeat":"repeat","background-position":"center center","background-size":"auto","background-attachment":"scroll","background-type":"","background-media":"","overlay-type":"","overlay-color":"","overlay-opacity":"","overlay-gradient":""},"tablet":{"background-color":"","background-image":"","background-repeat":"repeat","background-position":"center center","background-size":"auto","background-attachment":"scroll","background-type":"","background-media":"","overlay-type":"","overlay-color":"","overlay-opacity":"","overlay-gradient":""},"mobile":{"background-color":"","background-image":"","background-repeat":"repeat","background-position":"center center","background-size":"auto","background-attachment":"scroll","background-type":"","background-media":"","overlay-type":"","overlay-color":"","overlay-opacity":"","overlay-gradient":""}},"ast-content-background-meta":{"desktop":{"background-color":"var(--ast-global-color-5)","background-image":"","background-repeat":"repeat","background-position":"center center","background-size":"auto","background-attachment":"scroll","background-type":"","background-media":"","overlay-type":"","overlay-color":"","overlay-opacity":"","overlay-gradient":""},"tablet":{"background-color":"var(--ast-global-color-5)","background-image":"","background-repeat":"repeat","background-position":"center center","background-size":"auto","background-attachment":"scroll","background-type":"","background-media":"","overlay-type":"","overlay-color":"","overlay-opacity":"","overlay-gradient":""},"mobile":{"background-color":"var(--ast-global-color-5)","background-image":"","background-repeat":"repeat","background-position":"center center","background-size":"auto","background-attachment":"scroll","background-type":"","background-media":"","overlay-type":"","overlay-color":"","overlay-opacity":"","overlay-gradient":""}},"_joinchat":[],"footnotes":""},"class_list":["post-21590","page","type-page","status-publish","hentry"],"acf":[],"_links":{"self":[{"href":"https:\/\/lptranslate.com\/fr\/wp-json\/wp\/v2\/pages\/21590","targetHints":{"allow":["GET"]}}],"collection":[{"href":"https:\/\/lptranslate.com\/fr\/wp-json\/wp\/v2\/pages"}],"about":[{"href":"https:\/\/lptranslate.com\/fr\/wp-json\/wp\/v2\/types\/page"}],"author":[{"embeddable":true,"href":"https:\/\/lptranslate.com\/fr\/wp-json\/wp\/v2\/users\/275"}],"replies":[{"embeddable":true,"href":"https:\/\/lptranslate.com\/fr\/wp-json\/wp\/v2\/comments?post=21590"}],"version-history":[{"count":7,"href":"https:\/\/lptranslate.com\/fr\/wp-json\/wp\/v2\/pages\/21590\/revisions"}],"predecessor-version":[{"id":21614,"href":"https:\/\/lptranslate.com\/fr\/wp-json\/wp\/v2\/pages\/21590\/revisions\/21614"}],"wp:attachment":[{"href":"https:\/\/lptranslate.com\/fr\/wp-json\/wp\/v2\/media?parent=21590"}],"curies":[{"name":"wp","href":"https:\/\/api.w.org\/{rel}","templated":true}]}}