{"id":4084,"date":"2024-03-18T06:12:58","date_gmt":"2024-03-18T10:12:58","guid":{"rendered":"https:\/\/lptranslate.com\/?post_type=product&#038;p=4084"},"modified":"2026-03-12T11:37:46","modified_gmt":"2026-03-12T15:37:46","slug":"rush-same-day","status":"publish","type":"product","link":"https:\/\/lptranslate.com\/fr\/product\/rush-same-day\/","title":{"rendered":"Page - Rapide, le jour m\u00eame"},"content":{"rendered":"<h4 style=\"text-align: left;\"><strong>AVANT DE L'AJOUTER AU PANIER :<\/strong><\/h4>\n<h4 style=\"text-align: left;\"><strong>CHOISIR LE NOMBRE DE PAGES \u00c0 TRADUIRE<\/strong><\/h4>\n<p>&nbsp;<\/p>\n<p>*La traduction le jour m\u00eame n'est disponible que du lundi au vendredi, de 9 h \u00e0 17 h. EST<\/p>\n<p>**La orden ser\u00e1 enviada entre 5 y 6 horas m\u00e1ximo despu\u00e9s de la recepci\u00f3n\/pago de la misma si se recibe en el horario indicado.<\/p>\n<p>-***Si tienes alguna pregunta, no dudes en contactarnos a trav\u00e9s de un correo electr\u00f3nico o una llamada telef\u00f3nica. Nuestro horario de trabajo es de Lunes a Viernes de 9AM &#8211; 6PM EST<\/p>","protected":false},"excerpt":{"rendered":"<p>\u2b06\ufe0f<strong>Select the number of pages<\/strong> (IMPORTANT: IF THE NUMBER OF PAGES DOES NOT MATCH WITH THE FILE THE TRANSLATION WILL NOT BE PROCESSED)<\/p>","protected":false},"featured_media":18703,"template":"","meta":{"_acf_changed":false,"site-sidebar-layout":"default","site-content-layout":"default","ast-site-content-layout":"default","site-content-style":"default","site-sidebar-style":"default","ast-global-header-display":"","ast-banner-title-visibility":"","ast-main-header-display":"","ast-hfb-above-header-display":"","ast-hfb-below-header-display":"","ast-hfb-mobile-header-display":"","site-post-title":"","ast-breadcrumbs-content":"","ast-featured-img":"","footer-sml-layout":"","ast-disable-related-posts":"","theme-transparent-header-meta":"default","adv-header-id-meta":"","stick-header-meta":"","header-above-stick-meta":"","header-main-stick-meta":"","header-below-stick-meta":"","astra-migrate-meta-layouts":"set","ast-page-background-enabled":"default","ast-page-background-meta":{"desktop":{"background-color":"var(--ast-global-color-4)","background-image":"","background-repeat":"repeat","background-position":"center center","background-size":"auto","background-attachment":"scroll","background-type":"","background-media":"","overlay-type":"","overlay-color":"","overlay-opacity":"","overlay-gradient":""},"tablet":{"background-color":"","background-image":"","background-repeat":"repeat","background-position":"center center","background-size":"auto","background-attachment":"scroll","background-type":"","background-media":"","overlay-type":"","overlay-color":"","overlay-opacity":"","overlay-gradient":""},"mobile":{"background-color":"","background-image":"","background-repeat":"repeat","background-position":"center center","background-size":"auto","background-attachment":"scroll","background-type":"","background-media":"","overlay-type":"","overlay-color":"","overlay-opacity":"","overlay-gradient":""}},"ast-content-background-meta":{"desktop":{"background-color":"var(--ast-global-color-5)","background-image":"","background-repeat":"repeat","background-position":"center center","background-size":"auto","background-attachment":"scroll","background-type":"","background-media":"","overlay-type":"","overlay-color":"","overlay-opacity":"","overlay-gradient":""},"tablet":{"background-color":"var(--ast-global-color-5)","background-image":"","background-repeat":"repeat","background-position":"center center","background-size":"auto","background-attachment":"scroll","background-type":"","background-media":"","overlay-type":"","overlay-color":"","overlay-opacity":"","overlay-gradient":""},"mobile":{"background-color":"var(--ast-global-color-5)","background-image":"","background-repeat":"repeat","background-position":"center center","background-size":"auto","background-attachment":"scroll","background-type":"","background-media":"","overlay-type":"","overlay-color":"","overlay-opacity":"","overlay-gradient":""}},"_joinchat":[]},"product_brand":[],"product_cat":[25],"product_tag":[],"class_list":{"0":"post-4084","1":"product","2":"type-product","3":"status-publish","4":"has-post-thumbnail","6":"product_cat-translations","7":"desktop-align-left","8":"tablet-align-left","9":"mobile-align-left","11":"first","12":"instock","13":"shipping-taxable","14":"purchasable","15":"product-type-variable","16":"has-default-attributes"},"acf":[],"_links":{"self":[{"href":"https:\/\/lptranslate.com\/fr\/wp-json\/wp\/v2\/product\/4084","targetHints":{"allow":["GET"]}}],"collection":[{"href":"https:\/\/lptranslate.com\/fr\/wp-json\/wp\/v2\/product"}],"about":[{"href":"https:\/\/lptranslate.com\/fr\/wp-json\/wp\/v2\/types\/product"}],"wp:featuredmedia":[{"embeddable":true,"href":"https:\/\/lptranslate.com\/fr\/wp-json\/wp\/v2\/media\/18703"}],"wp:attachment":[{"href":"https:\/\/lptranslate.com\/fr\/wp-json\/wp\/v2\/media?parent=4084"}],"wp:term":[{"taxonomy":"product_brand","embeddable":true,"href":"https:\/\/lptranslate.com\/fr\/wp-json\/wp\/v2\/product_brand?post=4084"},{"taxonomy":"product_cat","embeddable":true,"href":"https:\/\/lptranslate.com\/fr\/wp-json\/wp\/v2\/product_cat?post=4084"},{"taxonomy":"product_tag","embeddable":true,"href":"https:\/\/lptranslate.com\/fr\/wp-json\/wp\/v2\/product_tag?post=4084"}],"curies":[{"name":"wp","href":"https:\/\/api.w.org\/{rel}","templated":true}]}}