{"id":19332,"date":"2026-04-22T18:57:52","date_gmt":"2026-04-22T22:57:52","guid":{"rendered":"https:\/\/lptranslate.com\/?page_id=19332"},"modified":"2026-04-23T12:34:53","modified_gmt":"2026-04-23T16:34:53","slug":"lp-vs-rushtranslate","status":"publish","type":"page","link":"https:\/\/lptranslate.com\/it\/mejores-servicios-traduccion-certificada-uscis\/lp-vs-rushtranslate\/","title":{"rendered":"L&#038;P Translations vs RushTranslate"},"content":{"rendered":"<div data-elementor-type=\"wp-page\" data-elementor-id=\"19332\" class=\"elementor elementor-19332\" data-elementor-settings=\"{&quot;ha_cmc_init_switcher&quot;:&quot;no&quot;}\" data-elementor-post-type=\"page\">\n\t\t\t\t<div class=\"elementor-element elementor-element-728e543b e-flex e-con-boxed e-con e-parent\" data-id=\"728e543b\" data-element_type=\"container\" data-e-type=\"container\" data-settings=\"{&quot;_ha_eqh_enable&quot;:false}\">\n\t\t\t\t\t<div class=\"e-con-inner\">\n\t\t\t\t<div class=\"elementor-element elementor-element-409cd7b4 elementor-widget__width-initial elementor-widget elementor-widget-heading\" data-id=\"409cd7b4\" data-element_type=\"widget\" data-e-type=\"widget\" data-widget_type=\"heading.default\">\n\t\t\t\t<div class=\"elementor-widget-container\">\n\t\t\t\t\t<h1 class=\"elementor-heading-title elementor-size-default\">L&amp;P Translations vs RushTranslate:<br> \u00bfCu\u00e1l es mejor?<\/h1>\t\t\t\t<\/div>\n\t\t\t\t<\/div>\n\t\t\t\t<div class=\"elementor-element elementor-element-77b0a49e elementor-widget__width-initial elementor-widget elementor-widget-text-editor\" data-id=\"77b0a49e\" data-element_type=\"widget\" data-e-type=\"widget\" data-widget_type=\"text-editor.default\">\n\t\t\t\t<div class=\"elementor-widget-container\">\n\t\t\t\t\t\t\t\t\t<p><span class=\"TextRun SCXW16152889 BCX0\" lang=\"ES-CO\" xml:lang=\"ES-CO\" data-contrast=\"auto\"><span class=\"NormalTextRun SCXW16152889 BCX0\">Ambos destacan por su velocidad, pero la diferencia est\u00e1 en\u00a0<\/span><\/span><span class=\"TextRun SCXW16152889 BCX0\" lang=\"ES-CO\" xml:lang=\"ES-CO\" data-contrast=\"auto\"><span class=\"NormalTextRun SCXW16152889 BCX0\">precio vs personalizaci\u00f3n<\/span><\/span><span class=\"TextRun SCXW16152889 BCX0\" lang=\"ES-CO\" xml:lang=\"ES-CO\" data-contrast=\"auto\"><span class=\"NormalTextRun SCXW16152889 BCX0\">.<\/span><\/span><\/p>\t\t\t\t\t\t\t\t<\/div>\n\t\t\t\t<\/div>\n\t\t\t\t\t<\/div>\n\t\t\t\t<\/div>\n\t\t\t\t<section class=\"elementor-section elementor-inner-section elementor-element elementor-element-4d3d13f0 elementor-section-content-middle elementor-section-boxed elementor-section-height-default elementor-section-height-default\" data-id=\"4d3d13f0\" data-element_type=\"section\" data-e-type=\"section\" data-settings=\"{&quot;_ha_eqh_enable&quot;:false}\">\n\t\t\t\t\t\t<div class=\"elementor-container elementor-column-gap-no\">\n\t\t\t\t\t<div class=\"elementor-column elementor-col-50 elementor-inner-column elementor-element elementor-element-6cc56369 animated-fast elementor-invisible\" data-id=\"6cc56369\" data-element_type=\"column\" data-e-type=\"column\" data-settings=\"{&quot;animation&quot;:&quot;fadeInUp&quot;}\">\n\t\t\t<div class=\"elementor-widget-wrap elementor-element-populated\">\n\t\t\t\t\t\t<div class=\"elementor-element elementor-element-b5968f7 elementor-widget__width-initial ha-comparison-alignment-center elementor-invisible elementor-widget elementor-widget-ha-comparison-table happy-addon ha-comparison-table\" data-id=\"b5968f7\" data-element_type=\"widget\" data-e-type=\"widget\" data-settings=\"{&quot;_animation&quot;:&quot;fadeInUp&quot;}\" data-widget_type=\"ha-comparison-table.default\">\n\t\t\t\t<div class=\"elementor-widget-container\">\n\t\t\t\t\t\n\t\t<div class=\"ha-comparison-table-wrapper\">\n\t\t\t<div class=\"ha-comparison-table__head\" data-sticky-header=\"no\">\n\t\t\t\t\t\t\t\t\t<div class=\"ha-comparison-table__head-item elementor-repeater-item-1790428 icon-left\">\n\t\t\t\t\t\t\t\t\t\t\t\t<div class=\"ha-comparison-table__head-column-cell-icon\">\n\t\t\t\t\t\t\t\t\t\t\t\t\t<\/div>\n\t\t\t\t\t\t\n\t\t\t\t\t\t<!--  -->\n\t\t\t\t\t\t<div class=\"ha-comparison-table__head-column-cell-title\">\n\t\t\t\t\t\t\t<h5 class=\"ha-comparison-table__head-column-cell-title-tag\">Factor<\/h5>\t\t\t\t\t\t\t<div class=\"ha-comparison-table__head-column-cell-content\">\n\t\t\t\t\t\t\t\t\t\t\t\t\t\t\t<\/div>\n\t\t\t\t\t\t<\/div>\n\t\t\t\t\t\t<!--  -->\n\t\t\t\t\t<\/div>\n\t\t\t\t\t\t\t\t\t\t<div class=\"ha-comparison-table__head-item elementor-repeater-item-52539ad icon-left\">\n\t\t\t\t\t\t\t\t\t\t\t\t<div class=\"ha-comparison-table__head-column-cell-icon\">\n\t\t\t\t\t\t\t\t\t\t\t\t\t<\/div>\n\t\t\t\t\t\t\n\t\t\t\t\t\t<!--  -->\n\t\t\t\t\t\t<div class=\"ha-comparison-table__head-column-cell-title\">\n\t\t\t\t\t\t\t<h5 class=\"ha-comparison-table__head-column-cell-title-tag\">L&P <\/h5>\t\t\t\t\t\t\t<div class=\"ha-comparison-table__head-column-cell-content\">\n\t\t\t\t\t\t\t\t\t\t\t\t\t\t\t<\/div>\n\t\t\t\t\t\t<\/div>\n\t\t\t\t\t\t<!--  -->\n\t\t\t\t\t<\/div>\n\t\t\t\t\t\t\t\t\t\t<div class=\"ha-comparison-table__head-item elementor-repeater-item-63e1be6 icon-left\">\n\t\t\t\t\t\t\t\t\t\t\t\t<div class=\"ha-comparison-table__head-column-cell-icon\">\n\t\t\t\t\t\t\t\t\t\t\t\t\t<\/div>\n\t\t\t\t\t\t\n\t\t\t\t\t\t<!--  -->\n\t\t\t\t\t\t<div class=\"ha-comparison-table__head-column-cell-title\">\n\t\t\t\t\t\t\t<h5 class=\"ha-comparison-table__head-column-cell-title-tag\">RushTranslate <\/h5>\t\t\t\t\t\t\t<div class=\"ha-comparison-table__head-column-cell-content\">\n\t\t\t\t\t\t\t\t\t\t\t\t\t\t\t<\/div>\n\t\t\t\t\t\t<\/div>\n\t\t\t\t\t\t<!--  -->\n\t\t\t\t\t<\/div>\n\t\t\t\t\t\t\t\t<\/div>\n\t\t\t<div class=\"ha-comparison-table__row\">\n\t\t\t\t\t\t\t<div class=\"ha-comparison-table__row-item\">\n\t\t\t\t\t\t\t\t\t\t\t<div class=\"ha-comparison-table__row-item-cell elementor-repeater-item-3aff19a elementor-repeater-item-1790428-sub\">\n\t\t\t\t\t\t\t\t\t\t\t\t\t\t<div class=\"ha-comparison-table__row-item-cell-title\">\n\t\t\t\t\t\t\t\tPrecio \n\t\t\t\t\t\t\t<\/div>\n\t\t\t\t\t\t\t\t\t\t\t\t\t\t\t\t\t\t\t\t\t\t\t\t\t\t\t<div class=\"ha-comparison-table__row-item-cell-content\">\n\t\t\t\t\t\t\t\t\t\t\t\t\t<\/div>\n\t\t\t\t\t<\/div>\n\n\t\t\t\t\t\t\t\t\t\t\t\t\t<div class=\"ha-comparison-table__row-item-cell elementor-repeater-item-bad38f2 elementor-repeater-item-52539ad-sub\">\n\t\t\t\t\t\t\t\t\t\t\t\t\t\t<div class=\"ha-comparison-table__row-item-cell-title\">\n\t\t\t\t\t\t\t\t$$\n\t\t\t\t\t\t\t<\/div>\n\t\t\t\t\t\t\t\t\t\t\t\t\t\t\t\t\t\t\t\t\t\t\t\t\t\t\t<div class=\"ha-comparison-table__row-item-cell-content\">\n\t\t\t\t\t\t\t\t\t\t\t\t\t<\/div>\n\t\t\t\t\t<\/div>\n\n\t\t\t\t\t\t\t\t\t\t\t\t\t<div class=\"ha-comparison-table__row-item-cell elementor-repeater-item-2877708 elementor-repeater-item-63e1be6-sub\">\n\t\t\t\t\t\t\t\t\t\t\t\t\t\t<div class=\"ha-comparison-table__row-item-cell-title\">\n\t\t\t\t\t\t\t\t$$\n\t\t\t\t\t\t\t<\/div>\n\t\t\t\t\t\t\t\t\t\t\t\t\t\t\t\t\t\t\t\t\t\t\t\t\t\t\t<div class=\"ha-comparison-table__row-item-cell-content\">\n\t\t\t\t\t\t\t\t\t\t\t\t\t<\/div>\n\t\t\t\t\t<\/div>\n\n\t\t\t\t\t\t\t\t\t\t\t<\/div>\n\t\t\t\t\t\t\t\t<div class=\"ha-comparison-table__row-item\">\n\t\t\t\t\t\t\t\t\t\t\t<div class=\"ha-comparison-table__row-item-cell elementor-repeater-item-b2cdd7b elementor-repeater-item-1790428-sub\">\n\t\t\t\t\t\t\t\t\t\t\t\t\t\t<div class=\"ha-comparison-table__row-item-cell-title\">\n\t\t\t\t\t\t\t\tRapidez\n\t\t\t\t\t\t\t<\/div>\n\t\t\t\t\t\t\t\t\t\t\t\t\t\t\t\t\t\t\t\t\t\t\t\t\t\t\t<div class=\"ha-comparison-table__row-item-cell-content\">\n\t\t\t\t\t\t\t\t\t\t\t\t\t<\/div>\n\t\t\t\t\t<\/div>\n\n\t\t\t\t\t\t\t\t\t\t\t\t\t<div class=\"ha-comparison-table__row-item-cell elementor-repeater-item-fdf8773 elementor-repeater-item-52539ad-sub\">\n\t\t\t\t\t\t\t\t\t\t\t\t\t\t\t\t\t\t\t\t\t\t\t\t\t\t\t\t<div class=\"ha-comparison-table__row-cell-image\">\n\t\t\t\t\t\t\t\t<img width=\"91\" height=\"20\" src=\"https:\/\/lptranslate.com\/wp-content\/uploads\/2026\/04\/4stars.png\" class=\"attachment-thumbnail size-thumbnail\" alt=\"\" decoding=\"async\" srcset=\"https:\/\/lptranslate.com\/wp-content\/uploads\/2026\/04\/4stars.png 91w, https:\/\/lptranslate.com\/wp-content\/uploads\/2026\/04\/4stars-18x4.png 18w\" sizes=\"(max-width: 91px) 100vw, 91px\" title=\"\">\t\t\t\t\t\t\t<\/div>\n\t\t\t\t\t\t\t\t\t\t\t\t<div class=\"ha-comparison-table__row-item-cell-content\">\n\t\t\t\t\t\t\t\t\t\t\t\t\t<\/div>\n\t\t\t\t\t<\/div>\n\n\t\t\t\t\t\t\t\t\t\t\t\t\t<div class=\"ha-comparison-table__row-item-cell elementor-repeater-item-1c7c0cc elementor-repeater-item-63e1be6-sub\">\n\t\t\t\t\t\t\t\t\t\t\t\t\t\t\t\t\t\t\t\t\t\t\t\t\t\t\t\t<div class=\"ha-comparison-table__row-cell-image\">\n\t\t\t\t\t\t\t\t<img width=\"91\" height=\"20\" src=\"https:\/\/lptranslate.com\/wp-content\/uploads\/2026\/04\/4stars.png\" class=\"attachment-thumbnail size-thumbnail\" alt=\"\" decoding=\"async\" srcset=\"https:\/\/lptranslate.com\/wp-content\/uploads\/2026\/04\/4stars.png 91w, https:\/\/lptranslate.com\/wp-content\/uploads\/2026\/04\/4stars-18x4.png 18w\" sizes=\"(max-width: 91px) 100vw, 91px\" title=\"\">\t\t\t\t\t\t\t<\/div>\n\t\t\t\t\t\t\t\t\t\t\t\t<div class=\"ha-comparison-table__row-item-cell-content\">\n\t\t\t\t\t\t\t\t\t\t\t\t\t<\/div>\n\t\t\t\t\t<\/div>\n\n\t\t\t\t\t\t\t\t\t\t\t<\/div>\n\t\t\t\t\t\t\t\t<div class=\"ha-comparison-table__row-item\">\n\t\t\t\t\t\t\t\t\t\t\t<div class=\"ha-comparison-table__row-item-cell elementor-repeater-item-812f429 elementor-repeater-item-1790428-sub\">\n\t\t\t\t\t\t\t\t\t\t\t\t\t\t<div class=\"ha-comparison-table__row-item-cell-title\">\n\t\t\t\t\t\t\t\tPersonalizaci\u00f3n \n\t\t\t\t\t\t\t<\/div>\n\t\t\t\t\t\t\t\t\t\t\t\t\t\t\t\t\t\t\t\t\t\t\t\t\t\t\t<div class=\"ha-comparison-table__row-item-cell-content\">\n\t\t\t\t\t\t\t\t\t\t\t\t\t<\/div>\n\t\t\t\t\t<\/div>\n\n\t\t\t\t\t\t\t\t\t\t\t\t\t<div class=\"ha-comparison-table__row-item-cell elementor-repeater-item-656154c elementor-repeater-item-52539ad-sub\">\n\t\t\t\t\t\t\t\t\t\t\t\t\t\t<div class=\"ha-comparison-table__row-item-cell-title\">\n\t\t\t\t\t\t\t\tAlta \n\t\t\t\t\t\t\t<\/div>\n\t\t\t\t\t\t\t\t\t\t\t\t\t\t\t\t\t\t\t\t\t\t\t\t\t\t\t<div class=\"ha-comparison-table__row-item-cell-content\">\n\t\t\t\t\t\t\t\t\t\t\t\t\t<\/div>\n\t\t\t\t\t<\/div>\n\n\t\t\t\t\t\t\t\t\t\t\t\t\t<div class=\"ha-comparison-table__row-item-cell elementor-repeater-item-78e9dc9 elementor-repeater-item-63e1be6-sub\">\n\t\t\t\t\t\t\t\t\t\t\t\t\t\t<div class=\"ha-comparison-table__row-item-cell-title\">\n\t\t\t\t\t\t\t\tMedia \n\t\t\t\t\t\t\t<\/div>\n\t\t\t\t\t\t\t\t\t\t\t\t\t\t\t\t\t\t\t\t\t\t\t\t\t\t\t<div class=\"ha-comparison-table__row-item-cell-content\">\n\t\t\t\t\t\t\t\t\t\t\t\t\t<\/div>\n\t\t\t\t\t<\/div>\n\n\t\t\t\t\t\t\t\t\t\t\t<\/div>\n\t\t\t\t\t\t\t\t<div class=\"ha-comparison-table__row-item\">\n\t\t\t\t\t\t\t\t\t\t\t<div class=\"ha-comparison-table__row-item-cell elementor-repeater-item-931fe76 elementor-repeater-item-1790428-sub\">\n\t\t\t\t\t\t\t\t\t\t\t\t\t\t<div class=\"ha-comparison-table__row-item-cell-title\">\n\t\t\t\t\t\t\t\tCertificaci\u00f3n ATA \n\t\t\t\t\t\t\t<\/div>\n\t\t\t\t\t\t\t\t\t\t\t\t\t\t\t\t\t\t\t\t\t\t\t\t\t\t\t<div class=\"ha-comparison-table__row-item-cell-content\">\n\t\t\t\t\t\t\t\t\t\t\t\t\t<\/div>\n\t\t\t\t\t<\/div>\n\n\t\t\t\t\t\t\t\t\t\t\t\t\t<div class=\"ha-comparison-table__row-item-cell elementor-repeater-item-7e1fc2a elementor-repeater-item-52539ad-sub\">\n\t\t\t\t\t\t\t\t\t\t\t\t\t\t\t\t\t\t\t\t\t<div class=\"ha-comparison-table__row-cell-icon\">\n\t\t\t\t\t\t\t\t<i class=\"fas fa-check-square\"><\/i>\t\t\t\t\t\t\t<\/div>\n\t\t\t\t\t\t\t\t\t\t\t\t\t\t\t\t\t\t\t\t<div class=\"ha-comparison-table__row-item-cell-content\">\n\t\t\t\t\t\t\t\t\t\t\t\t\t<\/div>\n\t\t\t\t\t<\/div>\n\n\t\t\t\t\t\t\t\t\t\t\t\t\t<div class=\"ha-comparison-table__row-item-cell elementor-repeater-item-527b8b4 elementor-repeater-item-63e1be6-sub\">\n\t\t\t\t\t\t\t\t\t\t\t\t\t\t\t\t\t\t\t\t\t<div class=\"ha-comparison-table__row-cell-icon\">\n\t\t\t\t\t\t\t\t<i class=\"fas fa-check-square\"><\/i>\t\t\t\t\t\t\t<\/div>\n\t\t\t\t\t\t\t\t\t\t\t\t\t\t\t\t\t\t\t\t<div class=\"ha-comparison-table__row-item-cell-content\">\n\t\t\t\t\t\t\t\t\t\t\t\t\t<\/div>\n\t\t\t\t\t<\/div>\n\n\t\t\t\t\t\t\t\t\t\t\t<\/div>\n\t\t\t\t\t\t\t<\/div>\n\t\t\t<div class=\"ha-comparison-table__btns\">\n\t\t\t\t\t\t\t<\/div>\n\t\t<\/div>\n\n\t\t\t\t\t\t<\/div>\n\t\t\t\t<\/div>\n\t\t\t\t<div class=\"elementor-element elementor-element-2ae28cde elementor-widget elementor-widget-heading\" data-id=\"2ae28cde\" data-element_type=\"widget\" data-e-type=\"widget\" data-widget_type=\"heading.default\">\n\t\t\t\t<div class=\"elementor-widget-container\">\n\t\t\t\t\t<h3 class=\"elementor-heading-title elementor-size-default\">Cu\u00e1ndo elegir L&amp;P<\/h3>\t\t\t\t<\/div>\n\t\t\t\t<\/div>\n\t\t\t\t<div class=\"elementor-element elementor-element-73b38366 elementor-icon-list--layout-traditional elementor-list-item-link-full_width elementor-widget elementor-widget-icon-list\" data-id=\"73b38366\" data-element_type=\"widget\" data-e-type=\"widget\" data-widget_type=\"icon-list.default\">\n\t\t\t\t<div class=\"elementor-widget-container\">\n\t\t\t\t\t\t\t<ul class=\"elementor-icon-list-items\">\n\t\t\t\t\t\t\t<li class=\"elementor-icon-list-item\">\n\t\t\t\t\t\t\t\t\t\t\t<span class=\"elementor-icon-list-icon\">\n\t\t\t\t\t\t\t<i aria-hidden=\"true\" class=\"fas fa-check-circle\"><\/i>\t\t\t\t\t\t<\/span>\n\t\t\t\t\t\t\t\t\t\t<span class=\"elementor-icon-list-text\">Necesitas atenci\u00f3n personalizada <\/span>\n\t\t\t\t\t\t\t\t\t<\/li>\n\t\t\t\t\t\t\t\t<li class=\"elementor-icon-list-item\">\n\t\t\t\t\t\t\t\t\t\t\t<span class=\"elementor-icon-list-icon\">\n\t\t\t\t\t\t\t<i aria-hidden=\"true\" class=\"fas fa-check-circle\"><\/i>\t\t\t\t\t\t<\/span>\n\t\t\t\t\t\t\t\t\t\t<span class=\"elementor-icon-list-text\">Requieres servicios adicionales <\/span>\n\t\t\t\t\t\t\t\t\t<\/li>\n\t\t\t\t\t\t\t\t<li class=\"elementor-icon-list-item\">\n\t\t\t\t\t\t\t\t\t\t\t<span class=\"elementor-icon-list-icon\">\n\t\t\t\t\t\t\t<i aria-hidden=\"true\" class=\"fas fa-check-circle\"><\/i>\t\t\t\t\t\t<\/span>\n\t\t\t\t\t\t\t\t\t\t<span class=\"elementor-icon-list-text\">Prefieres soporte directo <\/span>\n\t\t\t\t\t\t\t\t\t<\/li>\n\t\t\t\t\t\t<\/ul>\n\t\t\t\t\t\t<\/div>\n\t\t\t\t<\/div>\n\t\t\t\t<div class=\"elementor-element elementor-element-78491cef elementor-widget-mobile__width-initial elementor-widget elementor-widget-heading\" data-id=\"78491cef\" data-element_type=\"widget\" data-e-type=\"widget\" data-widget_type=\"heading.default\">\n\t\t\t\t<div class=\"elementor-widget-container\">\n\t\t\t\t\t<h3 class=\"elementor-heading-title elementor-size-default\">Cu\u00e1ndo elegir RushTranslate<\/h3>\t\t\t\t<\/div>\n\t\t\t\t<\/div>\n\t\t\t\t<div class=\"elementor-element elementor-element-25e2cd00 elementor-mobile-align-center elementor-icon-list--layout-traditional elementor-list-item-link-full_width elementor-widget elementor-widget-icon-list\" data-id=\"25e2cd00\" data-element_type=\"widget\" data-e-type=\"widget\" data-widget_type=\"icon-list.default\">\n\t\t\t\t<div class=\"elementor-widget-container\">\n\t\t\t\t\t\t\t<ul class=\"elementor-icon-list-items\">\n\t\t\t\t\t\t\t<li class=\"elementor-icon-list-item\">\n\t\t\t\t\t\t\t\t\t\t\t<span class=\"elementor-icon-list-icon\">\n\t\t\t\t\t\t\t<i aria-hidden=\"true\" class=\"fas fa-check-circle\"><\/i>\t\t\t\t\t\t<\/span>\n\t\t\t\t\t\t\t\t\t\t<span class=\"elementor-icon-list-text\"> No necesitas personalizaci\u00f3n <\/span>\n\t\t\t\t\t\t\t\t\t<\/li>\n\t\t\t\t\t\t<\/ul>\n\t\t\t\t\t\t<\/div>\n\t\t\t\t<\/div>\n\t\t\t\t\t<\/div>\n\t\t<\/div>\n\t\t\t\t<div class=\"elementor-column elementor-col-50 elementor-inner-column elementor-element elementor-element-47e13f6b elementor-invisible\" data-id=\"47e13f6b\" data-element_type=\"column\" data-e-type=\"column\" data-settings=\"{&quot;background_background&quot;:&quot;classic&quot;,&quot;animation&quot;:&quot;fadeInUp&quot;}\">\n\t\t\t<div class=\"elementor-widget-wrap elementor-element-populated\">\n\t\t\t\t\t<div class=\"elementor-background-overlay\"><\/div>\n\t\t\t\t\t\t<div class=\"elementor-element elementor-element-29f8a67b elementor-widget__width-initial elementor-widget elementor-widget-image\" data-id=\"29f8a67b\" data-element_type=\"widget\" data-e-type=\"widget\" data-widget_type=\"image.default\">\n\t\t\t\t<div class=\"elementor-widget-container\">\n\t\t\t\t\t\t\t\t\t\t\t\t\t\t\t<img decoding=\"async\" src=\"https:\/\/lptranslate.com\/wp-content\/uploads\/elementor\/thumbs\/Traduccion-Certificada-r8wq48skov7ejs711c2lhepvdn8ofkdifnyog79y5c.jpg\" title=\"Traducci\u00f3n-Certificada\" alt=\"Traductora profesional revisando documentos legales certificados con sello oficial\" loading=\"lazy\" \/>\t\t\t\t\t\t\t\t\t\t\t\t\t\t\t<\/div>\n\t\t\t\t<\/div>\n\t\t\t\t<div class=\"elementor-element elementor-element-5b5a3f41 elementor-view-stacked elementor-position-inline-start elementor-absolute elementor-hidden-mobile elementor-shape-circle elementor-mobile-position-block-start ha-has-bg-overlay elementor-invisible elementor-widget elementor-widget-icon-box\" data-id=\"5b5a3f41\" data-element_type=\"widget\" data-e-type=\"widget\" data-settings=\"{&quot;_position&quot;:&quot;absolute&quot;,&quot;_animation&quot;:&quot;fadeInRight&quot;}\" data-widget_type=\"icon-box.default\">\n\t\t\t\t<div class=\"elementor-widget-container\">\n\t\t\t\t\t\t\t<div class=\"elementor-icon-box-wrapper\">\n\n\t\t\t\t\t\t<div class=\"elementor-icon-box-icon\">\n\t\t\t\t<span  class=\"elementor-icon\">\n\t\t\t\t<i aria-hidden=\"true\" class=\"fas fa-clipboard-check\"><\/i>\t\t\t\t<\/span>\n\t\t\t<\/div>\n\t\t\t\n\t\t\t\t\t\t<div class=\"elementor-icon-box-content\">\n\n\t\t\t\t\t\t\t\t\t<h6 class=\"elementor-icon-box-title\">\n\t\t\t\t\t\t<span  >\n\t\t\t\t\t\t\tI nostri servizi sono disponibili quando ne avete bisogno\t\t\t\t\t\t<\/span>\n\t\t\t\t\t<\/h6>\n\t\t\t\t\n\t\t\t\t\n\t\t\t<\/div>\n\t\t\t\n\t\t<\/div>\n\t\t\t\t\t\t<\/div>\n\t\t\t\t<\/div>\n\t\t\t\t\t<\/div>\n\t\t<\/div>\n\t\t\t\t\t<\/div>\n\t\t<\/section>\n\t\t<div class=\"elementor-element elementor-element-b1d7a4b e-flex e-con-boxed e-con e-parent\" data-id=\"b1d7a4b\" data-element_type=\"container\" data-e-type=\"container\" data-settings=\"{&quot;background_background&quot;:&quot;classic&quot;,&quot;_ha_eqh_enable&quot;:false}\">\n\t\t\t\t\t<div class=\"e-con-inner\">\n\t\t\t\t<div class=\"elementor-element elementor-element-2ea1a95a elementor-headline--style-highlight elementor-widget elementor-widget-animated-headline\" data-id=\"2ea1a95a\" data-element_type=\"widget\" data-e-type=\"widget\" data-settings=\"{&quot;marker&quot;:&quot;underline&quot;,&quot;highlighted_text&quot;:&quot;L&amp;P Translations &quot;,&quot;headline_style&quot;:&quot;highlight&quot;,&quot;loop&quot;:&quot;yes&quot;,&quot;highlight_animation_duration&quot;:1200,&quot;highlight_iteration_delay&quot;:8000}\" data-widget_type=\"animated-headline.default\">\n\t\t\t\t<div class=\"elementor-widget-container\">\n\t\t\t\t\t\t\t<h3 class=\"elementor-headline\">\n\t\t\t\t\t<span class=\"elementor-headline-plain-text elementor-headline-text-wrapper\">Mejor precio \u2192<\/span>\n\t\t\t\t<span class=\"elementor-headline-dynamic-wrapper elementor-headline-text-wrapper\">\n\t\t\t\t\t<span class=\"elementor-headline-dynamic-text elementor-headline-text-active\">Traduzioni L&amp;P <\/span>\n\t\t\t\t<\/span>\n\t\t\t\t<\/h3>\n\t\t\t\t\t\t<\/div>\n\t\t\t\t<\/div>\n\t\t\t\t<div class=\"elementor-element elementor-element-2dcc0f23 elementor-headline--style-highlight elementor-widget elementor-widget-animated-headline\" data-id=\"2dcc0f23\" data-element_type=\"widget\" data-e-type=\"widget\" data-settings=\"{&quot;marker&quot;:&quot;underline&quot;,&quot;highlighted_text&quot;:&quot;Mejor soporte  \\u2192&quot;,&quot;headline_style&quot;:&quot;highlight&quot;,&quot;loop&quot;:&quot;yes&quot;,&quot;highlight_animation_duration&quot;:1200,&quot;highlight_iteration_delay&quot;:8000}\" data-widget_type=\"animated-headline.default\">\n\t\t\t\t<div class=\"elementor-widget-container\">\n\t\t\t\t\t\t\t<h3 class=\"elementor-headline\">\n\t\t\t\t<span class=\"elementor-headline-dynamic-wrapper elementor-headline-text-wrapper\">\n\t\t\t\t\t<span class=\"elementor-headline-dynamic-text elementor-headline-text-active\">Mejor soporte  \u2192<\/span>\n\t\t\t\t<\/span>\n\t\t\t\t\t<span class=\"elementor-headline-plain-text elementor-headline-text-wrapper\"> Traduzioni L&amp;P<\/span>\n\t\t\t\t\t<\/h3>\n\t\t\t\t\t\t<\/div>\n\t\t\t\t<\/div>\n\t\t<div class=\"elementor-element elementor-element-6e54257f e-grid e-con-full e-con e-child\" data-id=\"6e54257f\" data-element_type=\"container\" data-e-type=\"container\" data-settings=\"{&quot;_ha_eqh_enable&quot;:false}\">\n\t\t\t\t<div class=\"elementor-element elementor-element-28846151 elementor-align-right elementor-mobile-align-center elementor-widget elementor-widget-button\" data-id=\"28846151\" data-element_type=\"widget\" data-e-type=\"widget\" data-widget_type=\"button.default\">\n\t\t\t\t<div class=\"elementor-widget-container\">\n\t\t\t\t\t\t\t\t\t<div class=\"elementor-button-wrapper\">\n\t\t\t\t\t<a class=\"elementor-button elementor-button-link elementor-size-sm\" href=\"https:\/\/lptranslate.com\/it\/traduccion-certificada\/\">\n\t\t\t\t\t\t<span class=\"elementor-button-content-wrapper\">\n\t\t\t\t\t\t\t\t\t<span class=\"elementor-button-text\">Sube tus documentos y obt\u00e9n cotizaci\u00f3n <\/span>\n\t\t\t\t\t<\/span>\n\t\t\t\t\t<\/a>\n\t\t\t\t<\/div>\n\t\t\t\t\t\t\t\t<\/div>\n\t\t\t\t<\/div>\n\t\t\t\t<\/div>\n\t\t\t\t\t<\/div>\n\t\t\t\t<\/div>\n\t\t\t\t<\/div>","protected":false},"excerpt":{"rendered":"<p>L&amp;P Translations vs RushTranslate: \u00bfCu\u00e1l es mejor? Ambos destacan por su velocidad, pero la diferencia est\u00e1 en\u00a0precio vs personalizaci\u00f3n. Factor L&#038;P RushTranslate Precio $$ $$ Rapidez Personalizaci\u00f3n Alta Media Certificaci\u00f3n ATA Cu\u00e1ndo elegir L&amp;P Necesitas atenci\u00f3n personalizada Requieres servicios adicionales Prefieres soporte directo Cu\u00e1ndo elegir RushTranslate No necesitas personalizaci\u00f3n Nuestros servicios est\u00e1n disponibles cuando los [&hellip;]<\/p>\n","protected":false},"author":3,"featured_media":19251,"parent":19143,"menu_order":0,"comment_status":"closed","ping_status":"closed","template":"","meta":{"_acf_changed":false,"site-sidebar-layout":"no-sidebar","site-content-layout":"page-builder","ast-site-content-layout":"full-width-container","site-content-style":"default","site-sidebar-style":"default","ast-global-header-display":"","ast-banner-title-visibility":"","ast-main-header-display":"","ast-hfb-above-header-display":"","ast-hfb-below-header-display":"","ast-hfb-mobile-header-display":"","site-post-title":"","ast-breadcrumbs-content":"","ast-featured-img":"disabled","footer-sml-layout":"","ast-disable-related-posts":"","theme-transparent-header-meta":"default","adv-header-id-meta":"","stick-header-meta":"","header-above-stick-meta":"","header-main-stick-meta":"","header-below-stick-meta":"","astra-migrate-meta-layouts":"set","ast-page-background-enabled":"default","ast-page-background-meta":{"desktop":{"background-color":"var(--ast-global-color-4)","background-image":"","background-repeat":"repeat","background-position":"center center","background-size":"auto","background-attachment":"scroll","background-type":"","background-media":"","overlay-type":"","overlay-color":"","overlay-opacity":"","overlay-gradient":""},"tablet":{"background-color":"","background-image":"","background-repeat":"repeat","background-position":"center center","background-size":"auto","background-attachment":"scroll","background-type":"","background-media":"","overlay-type":"","overlay-color":"","overlay-opacity":"","overlay-gradient":""},"mobile":{"background-color":"","background-image":"","background-repeat":"repeat","background-position":"center center","background-size":"auto","background-attachment":"scroll","background-type":"","background-media":"","overlay-type":"","overlay-color":"","overlay-opacity":"","overlay-gradient":""}},"ast-content-background-meta":{"desktop":{"background-color":"var(--ast-global-color-5)","background-image":"","background-repeat":"repeat","background-position":"center center","background-size":"auto","background-attachment":"scroll","background-type":"","background-media":"","overlay-type":"","overlay-color":"","overlay-opacity":"","overlay-gradient":""},"tablet":{"background-color":"var(--ast-global-color-5)","background-image":"","background-repeat":"repeat","background-position":"center center","background-size":"auto","background-attachment":"scroll","background-type":"","background-media":"","overlay-type":"","overlay-color":"","overlay-opacity":"","overlay-gradient":""},"mobile":{"background-color":"var(--ast-global-color-5)","background-image":"","background-repeat":"repeat","background-position":"center center","background-size":"auto","background-attachment":"scroll","background-type":"","background-media":"","overlay-type":"","overlay-color":"","overlay-opacity":"","overlay-gradient":""}},"_joinchat":[],"footnotes":""},"class_list":["post-19332","page","type-page","status-publish","has-post-thumbnail","hentry"],"acf":[],"_links":{"self":[{"href":"https:\/\/lptranslate.com\/it\/wp-json\/wp\/v2\/pages\/19332","targetHints":{"allow":["GET"]}}],"collection":[{"href":"https:\/\/lptranslate.com\/it\/wp-json\/wp\/v2\/pages"}],"about":[{"href":"https:\/\/lptranslate.com\/it\/wp-json\/wp\/v2\/types\/page"}],"author":[{"embeddable":true,"href":"https:\/\/lptranslate.com\/it\/wp-json\/wp\/v2\/users\/3"}],"replies":[{"embeddable":true,"href":"https:\/\/lptranslate.com\/it\/wp-json\/wp\/v2\/comments?post=19332"}],"version-history":[{"count":29,"href":"https:\/\/lptranslate.com\/it\/wp-json\/wp\/v2\/pages\/19332\/revisions"}],"predecessor-version":[{"id":19427,"href":"https:\/\/lptranslate.com\/it\/wp-json\/wp\/v2\/pages\/19332\/revisions\/19427"}],"up":[{"embeddable":true,"href":"https:\/\/lptranslate.com\/it\/wp-json\/wp\/v2\/pages\/19143"}],"wp:featuredmedia":[{"embeddable":true,"href":"https:\/\/lptranslate.com\/it\/wp-json\/wp\/v2\/media\/19251"}],"wp:attachment":[{"href":"https:\/\/lptranslate.com\/it\/wp-json\/wp\/v2\/media?parent=19332"}],"curies":[{"name":"wp","href":"https:\/\/api.w.org\/{rel}","templated":true}]}}