{"id":19273,"date":"2026-04-22T18:13:22","date_gmt":"2026-04-22T22:13:22","guid":{"rendered":"https:\/\/lptranslate.com\/?page_id=19273"},"modified":"2026-04-23T12:01:56","modified_gmt":"2026-04-23T16:01:56","slug":"lp-translations-vs-the-spanish-group","status":"publish","type":"page","link":"https:\/\/lptranslate.com\/pt\/mejores-servicios-traduccion-certificada-uscis\/lp-translations-vs-the-spanish-group\/","title":{"rendered":"L&#038;P Translations vs The Spanish Group"},"content":{"rendered":"<div data-elementor-type=\"wp-page\" data-elementor-id=\"19273\" class=\"elementor elementor-19273\" data-elementor-settings=\"{&quot;ha_cmc_init_switcher&quot;:&quot;no&quot;}\" data-elementor-post-type=\"page\">\n\t\t\t\t<div class=\"elementor-element elementor-element-61060f76 e-flex e-con-boxed e-con e-parent\" data-id=\"61060f76\" data-element_type=\"container\" data-e-type=\"container\" data-settings=\"{&quot;background_background&quot;:&quot;classic&quot;,&quot;_ha_eqh_enable&quot;:false}\">\n\t\t\t\t\t<div class=\"e-con-inner\">\n\t\t\t\t<div class=\"elementor-element elementor-element-7ab5e0b7 elementor-widget elementor-widget-spacer\" data-id=\"7ab5e0b7\" data-element_type=\"widget\" data-e-type=\"widget\" data-widget_type=\"spacer.default\">\n\t\t\t\t<div class=\"elementor-widget-container\">\n\t\t\t\t\t\t\t<div class=\"elementor-spacer\">\n\t\t\t<div class=\"elementor-spacer-inner\"><\/div>\n\t\t<\/div>\n\t\t\t\t\t\t<\/div>\n\t\t\t\t<\/div>\n\t\t\t\t\t<\/div>\n\t\t\t\t<\/div>\n\t\t<div class=\"elementor-element elementor-element-265c62e3 e-flex e-con-boxed e-con e-parent\" data-id=\"265c62e3\" data-element_type=\"container\" data-e-type=\"container\" data-settings=\"{&quot;_ha_eqh_enable&quot;:false}\">\n\t\t\t\t\t<div class=\"e-con-inner\">\n\t\t\t\t<div class=\"elementor-element elementor-element-1f99e6e6 elementor-widget__width-initial elementor-widget elementor-widget-heading\" data-id=\"1f99e6e6\" data-element_type=\"widget\" data-e-type=\"widget\" data-widget_type=\"heading.default\">\n\t\t\t\t<div class=\"elementor-widget-container\">\n\t\t\t\t\t<h1 class=\"elementor-heading-title elementor-size-default\">L&amp;P Translations vs The Spanish Group:<br> \u00bfCu\u00e1l elegir?<\/h1>\t\t\t\t<\/div>\n\t\t\t\t<\/div>\n\t\t\t\t<div class=\"elementor-element elementor-element-768dcaff elementor-widget__width-initial elementor-widget elementor-widget-text-editor\" data-id=\"768dcaff\" data-element_type=\"widget\" data-e-type=\"widget\" data-widget_type=\"text-editor.default\">\n\t\t\t\t<div class=\"elementor-widget-container\">\n\t\t\t\t\t\t\t\t\t<p><span class=\"TextRun SCXW203906676 BCX0\" lang=\"ES-CO\" xml:lang=\"ES-CO\" data-contrast=\"auto\"><span class=\"NormalTextRun SCXW203906676 BCX0\">Ambos servicios ofrecen traducciones certificadas para USCIS, pero est\u00e1n dise\u00f1ados para perfiles de usuario diferentes.<\/span><\/span><span class=\"EOP Selected SCXW203906676 BCX0\" data-ccp-props=\"{}\">\u00a0<\/span><\/p>\t\t\t\t\t\t\t\t<\/div>\n\t\t\t\t<\/div>\n\t\t\t\t\t<\/div>\n\t\t\t\t<\/div>\n\t\t\t\t<section class=\"elementor-section elementor-inner-section elementor-element elementor-element-1f66c141 elementor-section-content-middle elementor-section-boxed elementor-section-height-default elementor-section-height-default\" data-id=\"1f66c141\" data-element_type=\"section\" data-e-type=\"section\" data-settings=\"{&quot;_ha_eqh_enable&quot;:false}\">\n\t\t\t\t\t\t<div class=\"elementor-container elementor-column-gap-no\">\n\t\t\t\t\t<div class=\"elementor-column elementor-col-50 elementor-inner-column elementor-element elementor-element-1ad0e913 animated-fast elementor-invisible\" data-id=\"1ad0e913\" data-element_type=\"column\" data-e-type=\"column\" data-settings=\"{&quot;animation&quot;:&quot;fadeInUp&quot;}\">\n\t\t\t<div class=\"elementor-widget-wrap elementor-element-populated\">\n\t\t\t\t\t\t<div class=\"elementor-element elementor-element-cae1f92 elementor-widget__width-initial ha-comparison-alignment-center elementor-invisible elementor-widget elementor-widget-ha-comparison-table happy-addon ha-comparison-table\" data-id=\"cae1f92\" data-element_type=\"widget\" data-e-type=\"widget\" data-settings=\"{&quot;_animation&quot;:&quot;fadeInUp&quot;}\" data-widget_type=\"ha-comparison-table.default\">\n\t\t\t\t<div class=\"elementor-widget-container\">\n\t\t\t\t\t\n\t\t<div class=\"ha-comparison-table-wrapper\">\n\t\t\t<div class=\"ha-comparison-table__head\" data-sticky-header=\"no\">\n\t\t\t\t\t\t\t\t\t<div class=\"ha-comparison-table__head-item elementor-repeater-item-1790428 icon-left\">\n\t\t\t\t\t\t\t\t\t\t\t\t<div class=\"ha-comparison-table__head-column-cell-icon\">\n\t\t\t\t\t\t\t\t\t\t\t\t\t<\/div>\n\t\t\t\t\t\t\n\t\t\t\t\t\t<!--  -->\n\t\t\t\t\t\t<div class=\"ha-comparison-table__head-column-cell-title\">\n\t\t\t\t\t\t\t<h5 class=\"ha-comparison-table__head-column-cell-title-tag\">Factor<\/h5>\t\t\t\t\t\t\t<div class=\"ha-comparison-table__head-column-cell-content\">\n\t\t\t\t\t\t\t\t\t\t\t\t\t\t\t<\/div>\n\t\t\t\t\t\t<\/div>\n\t\t\t\t\t\t<!--  -->\n\t\t\t\t\t<\/div>\n\t\t\t\t\t\t\t\t\t\t<div class=\"ha-comparison-table__head-item elementor-repeater-item-52539ad icon-left\">\n\t\t\t\t\t\t\t\t\t\t\t\t<div class=\"ha-comparison-table__head-column-cell-icon\">\n\t\t\t\t\t\t\t\t\t\t\t\t\t<\/div>\n\t\t\t\t\t\t\n\t\t\t\t\t\t<!--  -->\n\t\t\t\t\t\t<div class=\"ha-comparison-table__head-column-cell-title\">\n\t\t\t\t\t\t\t<h5 class=\"ha-comparison-table__head-column-cell-title-tag\">L&P <\/h5>\t\t\t\t\t\t\t<div class=\"ha-comparison-table__head-column-cell-content\">\n\t\t\t\t\t\t\t\t\t\t\t\t\t\t\t<\/div>\n\t\t\t\t\t\t<\/div>\n\t\t\t\t\t\t<!--  -->\n\t\t\t\t\t<\/div>\n\t\t\t\t\t\t\t\t\t\t<div class=\"ha-comparison-table__head-item elementor-repeater-item-63e1be6 icon-left\">\n\t\t\t\t\t\t\t\t\t\t\t\t<div class=\"ha-comparison-table__head-column-cell-icon\">\n\t\t\t\t\t\t\t\t\t\t\t\t\t<\/div>\n\t\t\t\t\t\t\n\t\t\t\t\t\t<!--  -->\n\t\t\t\t\t\t<div class=\"ha-comparison-table__head-column-cell-title\">\n\t\t\t\t\t\t\t<h5 class=\"ha-comparison-table__head-column-cell-title-tag\">Spanish Group <\/h5>\t\t\t\t\t\t\t<div class=\"ha-comparison-table__head-column-cell-content\">\n\t\t\t\t\t\t\t\t\t\t\t\t\t\t\t<\/div>\n\t\t\t\t\t\t<\/div>\n\t\t\t\t\t\t<!--  -->\n\t\t\t\t\t<\/div>\n\t\t\t\t\t\t\t\t<\/div>\n\t\t\t<div class=\"ha-comparison-table__row\">\n\t\t\t\t\t\t\t<div class=\"ha-comparison-table__row-item\">\n\t\t\t\t\t\t\t\t\t\t\t<div class=\"ha-comparison-table__row-item-cell elementor-repeater-item-3aff19a elementor-repeater-item-1790428-sub\">\n\t\t\t\t\t\t\t\t\t\t\t\t\t\t<div class=\"ha-comparison-table__row-item-cell-title\">\n\t\t\t\t\t\t\t\tPrecio \n\t\t\t\t\t\t\t<\/div>\n\t\t\t\t\t\t\t\t\t\t\t\t\t\t\t\t\t\t\t\t\t\t\t\t\t\t\t<div class=\"ha-comparison-table__row-item-cell-content\">\n\t\t\t\t\t\t\t\t\t\t\t\t\t<\/div>\n\t\t\t\t\t<\/div>\n\n\t\t\t\t\t\t\t\t\t\t\t\t\t<div class=\"ha-comparison-table__row-item-cell elementor-repeater-item-bad38f2 elementor-repeater-item-52539ad-sub\">\n\t\t\t\t\t\t\t\t\t\t\t\t\t\t<div class=\"ha-comparison-table__row-item-cell-title\">\n\t\t\t\t\t\t\t\t$$\n\t\t\t\t\t\t\t<\/div>\n\t\t\t\t\t\t\t\t\t\t\t\t\t\t\t\t\t\t\t\t\t\t\t\t\t\t\t<div class=\"ha-comparison-table__row-item-cell-content\">\n\t\t\t\t\t\t\t\t\t\t\t\t\t<\/div>\n\t\t\t\t\t<\/div>\n\n\t\t\t\t\t\t\t\t\t\t\t\t\t<div class=\"ha-comparison-table__row-item-cell elementor-repeater-item-2877708 elementor-repeater-item-63e1be6-sub\">\n\t\t\t\t\t\t\t\t\t\t\t\t\t\t<div class=\"ha-comparison-table__row-item-cell-title\">\n\t\t\t\t\t\t\t\t$$$\n\t\t\t\t\t\t\t<\/div>\n\t\t\t\t\t\t\t\t\t\t\t\t\t\t\t\t\t\t\t\t\t\t\t\t\t\t\t<div class=\"ha-comparison-table__row-item-cell-content\">\n\t\t\t\t\t\t\t\t\t\t\t\t\t<\/div>\n\t\t\t\t\t<\/div>\n\n\t\t\t\t\t\t\t\t\t\t\t<\/div>\n\t\t\t\t\t\t\t\t<div class=\"ha-comparison-table__row-item\">\n\t\t\t\t\t\t\t\t\t\t\t<div class=\"ha-comparison-table__row-item-cell elementor-repeater-item-b2cdd7b elementor-repeater-item-1790428-sub\">\n\t\t\t\t\t\t\t\t\t\t\t\t\t\t<div class=\"ha-comparison-table__row-item-cell-title\">\n\t\t\t\t\t\t\t\tRapidez\n\t\t\t\t\t\t\t<\/div>\n\t\t\t\t\t\t\t\t\t\t\t\t\t\t\t\t\t\t\t\t\t\t\t\t\t\t\t<div class=\"ha-comparison-table__row-item-cell-content\">\n\t\t\t\t\t\t\t\t\t\t\t\t\t<\/div>\n\t\t\t\t\t<\/div>\n\n\t\t\t\t\t\t\t\t\t\t\t\t\t<div class=\"ha-comparison-table__row-item-cell elementor-repeater-item-fdf8773 elementor-repeater-item-52539ad-sub\">\n\t\t\t\t\t\t\t\t\t\t\t\t\t\t\t\t\t\t\t\t\t\t\t\t\t\t\t\t<div class=\"ha-comparison-table__row-cell-image\">\n\t\t\t\t\t\t\t\t<img decoding=\"async\" width=\"91\" height=\"20\" src=\"https:\/\/lptranslate.com\/wp-content\/uploads\/2026\/04\/4stars.png\" class=\"attachment-thumbnail size-thumbnail\" alt=\"\" srcset=\"https:\/\/lptranslate.com\/wp-content\/uploads\/2026\/04\/4stars.png 91w, https:\/\/lptranslate.com\/wp-content\/uploads\/2026\/04\/4stars-18x4.png 18w\" sizes=\"(max-width: 91px) 100vw, 91px\" title=\"\">\t\t\t\t\t\t\t<\/div>\n\t\t\t\t\t\t\t\t\t\t\t\t<div class=\"ha-comparison-table__row-item-cell-content\">\n\t\t\t\t\t\t\t\t\t\t\t\t\t<\/div>\n\t\t\t\t\t<\/div>\n\n\t\t\t\t\t\t\t\t\t\t\t\t\t<div class=\"ha-comparison-table__row-item-cell elementor-repeater-item-1c7c0cc elementor-repeater-item-63e1be6-sub\">\n\t\t\t\t\t\t\t\t\t\t\t\t\t\t\t\t\t\t\t\t\t\t\t\t\t\t\t\t<div class=\"ha-comparison-table__row-cell-image\">\n\t\t\t\t\t\t\t\t<img decoding=\"async\" width=\"68\" height=\"19\" src=\"https:\/\/lptranslate.com\/wp-content\/uploads\/2026\/04\/3stars.png\" class=\"attachment-thumbnail size-thumbnail\" alt=\"\" srcset=\"https:\/\/lptranslate.com\/wp-content\/uploads\/2026\/04\/3stars.png 68w, https:\/\/lptranslate.com\/wp-content\/uploads\/2026\/04\/3stars-18x5.png 18w\" sizes=\"(max-width: 68px) 100vw, 68px\" title=\"\">\t\t\t\t\t\t\t<\/div>\n\t\t\t\t\t\t\t\t\t\t\t\t<div class=\"ha-comparison-table__row-item-cell-content\">\n\t\t\t\t\t\t\t\t\t\t\t\t\t<\/div>\n\t\t\t\t\t<\/div>\n\n\t\t\t\t\t\t\t\t\t\t\t<\/div>\n\t\t\t\t\t\t\t\t<div class=\"ha-comparison-table__row-item\">\n\t\t\t\t\t\t\t\t\t\t\t<div class=\"ha-comparison-table__row-item-cell elementor-repeater-item-812f429 elementor-repeater-item-1790428-sub\">\n\t\t\t\t\t\t\t\t\t\t\t\t\t\t<div class=\"ha-comparison-table__row-item-cell-title\">\n\t\t\t\t\t\t\t\t Reviews\n\t\t\t\t\t\t\t<\/div>\n\t\t\t\t\t\t\t\t\t\t\t\t\t\t\t\t\t\t\t\t\t\t\t\t\t\t\t<div class=\"ha-comparison-table__row-item-cell-content\">\n\t\t\t\t\t\t\t\t\t\t\t\t\t<\/div>\n\t\t\t\t\t<\/div>\n\n\t\t\t\t\t\t\t\t\t\t\t\t\t<div class=\"ha-comparison-table__row-item-cell elementor-repeater-item-656154c elementor-repeater-item-52539ad-sub\">\n\t\t\t\t\t\t\t\t\t\t\t\t\t\t<div class=\"ha-comparison-table__row-item-cell-title\">\n\t\t\t\t\t\t\t\tMuy Alto \n\t\t\t\t\t\t\t<\/div>\n\t\t\t\t\t\t\t\t\t\t\t\t\t\t\t\t\t\t\t\t\t\t\t\t\t\t\t<div class=\"ha-comparison-table__row-item-cell-content\">\n\t\t\t\t\t\t\t\t\t\t\t\t\t<\/div>\n\t\t\t\t\t<\/div>\n\n\t\t\t\t\t\t\t\t\t\t\t\t\t<div class=\"ha-comparison-table__row-item-cell elementor-repeater-item-78e9dc9 elementor-repeater-item-63e1be6-sub\">\n\t\t\t\t\t\t\t\t\t\t\t\t\t\t<div class=\"ha-comparison-table__row-item-cell-title\">\n\t\t\t\t\t\t\t\tAlto \n\t\t\t\t\t\t\t<\/div>\n\t\t\t\t\t\t\t\t\t\t\t\t\t\t\t\t\t\t\t\t\t\t\t\t\t\t\t<div class=\"ha-comparison-table__row-item-cell-content\">\n\t\t\t\t\t\t\t\t\t\t\t\t\t<\/div>\n\t\t\t\t\t<\/div>\n\n\t\t\t\t\t\t\t\t\t\t\t<\/div>\n\t\t\t\t\t\t\t\t<div class=\"ha-comparison-table__row-item\">\n\t\t\t\t\t\t\t\t\t\t\t<div class=\"ha-comparison-table__row-item-cell elementor-repeater-item-931fe76 elementor-repeater-item-1790428-sub\">\n\t\t\t\t\t\t\t\t\t\t\t\t\t\t<div class=\"ha-comparison-table__row-item-cell-title\">\n\t\t\t\t\t\t\t\tSoporte \n\t\t\t\t\t\t\t<\/div>\n\t\t\t\t\t\t\t\t\t\t\t\t\t\t\t\t\t\t\t\t\t\t\t\t\t\t\t<div class=\"ha-comparison-table__row-item-cell-content\">\n\t\t\t\t\t\t\t\t\t\t\t\t\t<\/div>\n\t\t\t\t\t<\/div>\n\n\t\t\t\t\t\t\t\t\t\t\t\t\t<div class=\"ha-comparison-table__row-item-cell elementor-repeater-item-7e1fc2a elementor-repeater-item-52539ad-sub\">\n\t\t\t\t\t\t\t\t\t\t\t\t\t\t<div class=\"ha-comparison-table__row-item-cell-title\">\n\t\t\t\t\t\t\t\tDirecto \n\t\t\t\t\t\t\t<\/div>\n\t\t\t\t\t\t\t\t\t\t\t\t\t\t\t\t\t\t\t\t\t\t\t\t\t\t\t<div class=\"ha-comparison-table__row-item-cell-content\">\n\t\t\t\t\t\t\t\t\t\t\t\t\t<\/div>\n\t\t\t\t\t<\/div>\n\n\t\t\t\t\t\t\t\t\t\t\t\t\t<div class=\"ha-comparison-table__row-item-cell elementor-repeater-item-527b8b4 elementor-repeater-item-63e1be6-sub\">\n\t\t\t\t\t\t\t\t\t\t\t\t\t\t<div class=\"ha-comparison-table__row-item-cell-title\">\n\t\t\t\t\t\t\t\tEstructurado\n\t\t\t\t\t\t\t<\/div>\n\t\t\t\t\t\t\t\t\t\t\t\t\t\t\t\t\t\t\t\t\t\t\t\t\t\t\t<div class=\"ha-comparison-table__row-item-cell-content\">\n\t\t\t\t\t\t\t\t\t\t\t\t\t<\/div>\n\t\t\t\t\t<\/div>\n\n\t\t\t\t\t\t\t\t\t\t\t<\/div>\n\t\t\t\t\t\t\t<\/div>\n\t\t\t<div class=\"ha-comparison-table__btns\">\n\t\t\t\t\t\t\t<\/div>\n\t\t<\/div>\n\n\t\t\t\t\t\t<\/div>\n\t\t\t\t<\/div>\n\t\t\t\t<div class=\"elementor-element elementor-element-2ab80bc6 elementor-widget elementor-widget-heading\" data-id=\"2ab80bc6\" data-element_type=\"widget\" data-e-type=\"widget\" data-widget_type=\"heading.default\">\n\t\t\t\t<div class=\"elementor-widget-container\">\n\t\t\t\t\t<h3 class=\"elementor-heading-title elementor-size-default\">Cu\u00e1ndo elegir L&amp;P<\/h3>\t\t\t\t<\/div>\n\t\t\t\t<\/div>\n\t\t\t\t<div class=\"elementor-element elementor-element-9a823e0 elementor-mobile-align-start elementor-icon-list--layout-traditional elementor-list-item-link-full_width elementor-widget elementor-widget-icon-list\" data-id=\"9a823e0\" data-element_type=\"widget\" data-e-type=\"widget\" data-widget_type=\"icon-list.default\">\n\t\t\t\t<div class=\"elementor-widget-container\">\n\t\t\t\t\t\t\t<ul class=\"elementor-icon-list-items\">\n\t\t\t\t\t\t\t<li class=\"elementor-icon-list-item\">\n\t\t\t\t\t\t\t\t\t\t\t<span class=\"elementor-icon-list-icon\">\n\t\t\t\t\t\t\t<i aria-hidden=\"true\" class=\"fas fa-check-circle\"><\/i>\t\t\t\t\t\t<\/span>\n\t\t\t\t\t\t\t\t\t\t<span class=\"elementor-icon-list-text\">Necesitas rapidez (same-day \/ 24h) <\/span>\n\t\t\t\t\t\t\t\t\t<\/li>\n\t\t\t\t\t\t\t\t<li class=\"elementor-icon-list-item\">\n\t\t\t\t\t\t\t\t\t\t\t<span class=\"elementor-icon-list-icon\">\n\t\t\t\t\t\t\t<i aria-hidden=\"true\" class=\"fas fa-check-circle\"><\/i>\t\t\t\t\t\t<\/span>\n\t\t\t\t\t\t\t\t\t\t<span class=\"elementor-icon-list-text\">Buscas un precio accesible <\/span>\n\t\t\t\t\t\t\t\t\t<\/li>\n\t\t\t\t\t\t\t\t<li class=\"elementor-icon-list-item\">\n\t\t\t\t\t\t\t\t\t\t\t<span class=\"elementor-icon-list-icon\">\n\t\t\t\t\t\t\t<i aria-hidden=\"true\" class=\"fas fa-check-circle\"><\/i>\t\t\t\t\t\t<\/span>\n\t\t\t\t\t\t\t\t\t\t<span class=\"elementor-icon-list-text\"> Tu caso es est\u00e1ndar <\/span>\n\t\t\t\t\t\t\t\t\t<\/li>\n\t\t\t\t\t\t<\/ul>\n\t\t\t\t\t\t<\/div>\n\t\t\t\t<\/div>\n\t\t\t\t<div class=\"elementor-element elementor-element-e6eb399 elementor-widget elementor-widget-heading\" data-id=\"e6eb399\" data-element_type=\"widget\" data-e-type=\"widget\" data-widget_type=\"heading.default\">\n\t\t\t\t<div class=\"elementor-widget-container\">\n\t\t\t\t\t<h3 class=\"elementor-heading-title elementor-size-default\">Cu\u00e1ndo elegir The Spanish Group<\/h3>\t\t\t\t<\/div>\n\t\t\t\t<\/div>\n\t\t\t\t<div class=\"elementor-element elementor-element-6794446 elementor-icon-list--layout-traditional elementor-list-item-link-full_width elementor-widget elementor-widget-icon-list\" data-id=\"6794446\" data-element_type=\"widget\" data-e-type=\"widget\" data-widget_type=\"icon-list.default\">\n\t\t\t\t<div class=\"elementor-widget-container\">\n\t\t\t\t\t\t\t<ul class=\"elementor-icon-list-items\">\n\t\t\t\t\t\t\t<li class=\"elementor-icon-list-item\">\n\t\t\t\t\t\t\t\t\t\t\t<span class=\"elementor-icon-list-icon\">\n\t\t\t\t\t\t\t<i aria-hidden=\"true\" class=\"fas fa-check-circle\"><\/i>\t\t\t\t\t\t<\/span>\n\t\t\t\t\t\t\t\t\t\t<span class=\"elementor-icon-list-text\"> No te importa pagar m\u00e1s <\/span>\n\t\t\t\t\t\t\t\t\t<\/li>\n\t\t\t\t\t\t<\/ul>\n\t\t\t\t\t\t<\/div>\n\t\t\t\t<\/div>\n\t\t\t\t\t<\/div>\n\t\t<\/div>\n\t\t\t\t<div class=\"elementor-column elementor-col-50 elementor-inner-column elementor-element elementor-element-4d0db4af elementor-invisible\" data-id=\"4d0db4af\" data-element_type=\"column\" data-e-type=\"column\" data-settings=\"{&quot;background_background&quot;:&quot;classic&quot;,&quot;animation&quot;:&quot;fadeInUp&quot;}\">\n\t\t\t<div class=\"elementor-widget-wrap elementor-element-populated\">\n\t\t\t\t\t<div class=\"elementor-background-overlay\"><\/div>\n\t\t\t\t\t\t<div class=\"elementor-element elementor-element-38cba730 elementor-widget__width-initial elementor-widget elementor-widget-image\" data-id=\"38cba730\" data-element_type=\"widget\" data-e-type=\"widget\" data-widget_type=\"image.default\">\n\t\t\t\t<div class=\"elementor-widget-container\">\n\t\t\t\t\t\t\t\t\t\t\t\t\t\t\t<img decoding=\"async\" src=\"https:\/\/lptranslate.com\/wp-content\/uploads\/elementor\/thumbs\/Traduccion-Certificada-para-Permiso-de-Trabajo-rkox1v97uggzwudszv3jbhvsz7lqk55kvgv22g3j8g.png\" title=\"Traducci\u00f3n-Certificada-para-Permiso-de-Trabajo\" alt=\"Permiso de trabajo EAD para solicitantes de asilo con traducci\u00f3n certificada en Estados Unidos\" loading=\"lazy\" \/>\t\t\t\t\t\t\t\t\t\t\t\t\t\t\t<\/div>\n\t\t\t\t<\/div>\n\t\t\t\t<div class=\"elementor-element elementor-element-11e45449 elementor-view-stacked elementor-position-inline-start elementor-absolute elementor-hidden-mobile elementor-shape-circle elementor-mobile-position-block-start ha-has-bg-overlay elementor-invisible elementor-widget elementor-widget-icon-box\" data-id=\"11e45449\" data-element_type=\"widget\" data-e-type=\"widget\" data-settings=\"{&quot;_position&quot;:&quot;absolute&quot;,&quot;_animation&quot;:&quot;fadeInRight&quot;}\" data-widget_type=\"icon-box.default\">\n\t\t\t\t<div class=\"elementor-widget-container\">\n\t\t\t\t\t\t\t<div class=\"elementor-icon-box-wrapper\">\n\n\t\t\t\t\t\t<div class=\"elementor-icon-box-icon\">\n\t\t\t\t<span  class=\"elementor-icon\">\n\t\t\t\t<i aria-hidden=\"true\" class=\"fas fa-clipboard-check\"><\/i>\t\t\t\t<\/span>\n\t\t\t<\/div>\n\t\t\t\n\t\t\t\t\t\t<div class=\"elementor-icon-box-content\">\n\n\t\t\t\t\t\t\t\t\t<h6 class=\"elementor-icon-box-title\">\n\t\t\t\t\t\t<span  >\n\t\t\t\t\t\t\tOs nossos servi\u00e7os est\u00e3o dispon\u00edveis quando precisa deles\t\t\t\t\t\t<\/span>\n\t\t\t\t\t<\/h6>\n\t\t\t\t\n\t\t\t\t\n\t\t\t<\/div>\n\t\t\t\n\t\t<\/div>\n\t\t\t\t\t\t<\/div>\n\t\t\t\t<\/div>\n\t\t\t\t\t<\/div>\n\t\t<\/div>\n\t\t\t\t\t<\/div>\n\t\t<\/section>\n\t\t<div class=\"elementor-element elementor-element-4a2d8fab e-flex e-con-boxed e-con e-parent\" data-id=\"4a2d8fab\" data-element_type=\"container\" data-e-type=\"container\" data-settings=\"{&quot;background_background&quot;:&quot;classic&quot;,&quot;_ha_eqh_enable&quot;:false}\">\n\t\t\t\t\t<div class=\"e-con-inner\">\n\t\t\t\t<div class=\"elementor-element elementor-element-f779bad elementor-headline--style-highlight elementor-widget elementor-widget-animated-headline\" data-id=\"f779bad\" data-element_type=\"widget\" data-e-type=\"widget\" data-settings=\"{&quot;marker&quot;:&quot;underline&quot;,&quot;highlighted_text&quot;:&quot;L&amp;P Translations &quot;,&quot;headline_style&quot;:&quot;highlight&quot;,&quot;loop&quot;:&quot;yes&quot;,&quot;highlight_animation_duration&quot;:1200,&quot;highlight_iteration_delay&quot;:8000}\" data-widget_type=\"animated-headline.default\">\n\t\t\t\t<div class=\"elementor-widget-container\">\n\t\t\t\t\t\t\t<h3 class=\"elementor-headline\">\n\t\t\t\t\t<span class=\"elementor-headline-plain-text elementor-headline-text-wrapper\">Rapidez + precio \u2192<\/span>\n\t\t\t\t<span class=\"elementor-headline-dynamic-wrapper elementor-headline-text-wrapper\">\n\t\t\t\t\t<span class=\"elementor-headline-dynamic-text elementor-headline-text-active\">L&amp;P Tradu\u00e7\u00f5es <\/span>\n\t\t\t\t<\/span>\n\t\t\t\t<\/h3>\n\t\t\t\t\t\t<\/div>\n\t\t\t\t<\/div>\n\t\t\t\t<div class=\"elementor-element elementor-element-b8d958e elementor-headline--style-highlight elementor-widget elementor-widget-animated-headline\" data-id=\"b8d958e\" data-element_type=\"widget\" data-e-type=\"widget\" data-settings=\"{&quot;marker&quot;:&quot;underline&quot;,&quot;highlighted_text&quot;:&quot;Confianza + reviews  \\u2192&quot;,&quot;headline_style&quot;:&quot;highlight&quot;,&quot;loop&quot;:&quot;yes&quot;,&quot;highlight_animation_duration&quot;:1200,&quot;highlight_iteration_delay&quot;:8000}\" data-widget_type=\"animated-headline.default\">\n\t\t\t\t<div class=\"elementor-widget-container\">\n\t\t\t\t\t\t\t<h3 class=\"elementor-headline\">\n\t\t\t\t<span class=\"elementor-headline-dynamic-wrapper elementor-headline-text-wrapper\">\n\t\t\t\t\t<span class=\"elementor-headline-dynamic-text elementor-headline-text-active\">Confianza + reviews  \u2192<\/span>\n\t\t\t\t<\/span>\n\t\t\t\t\t<span class=\"elementor-headline-plain-text elementor-headline-text-wrapper\"> L&amp;P Tradu\u00e7\u00f5es<\/span>\n\t\t\t\t\t<\/h3>\n\t\t\t\t\t\t<\/div>\n\t\t\t\t<\/div>\n\t\t<div class=\"elementor-element elementor-element-19e29b2 e-grid e-con-full e-con e-child\" data-id=\"19e29b2\" data-element_type=\"container\" data-e-type=\"container\" data-settings=\"{&quot;_ha_eqh_enable&quot;:false}\">\n\t\t\t\t<div class=\"elementor-element elementor-element-763ef83 elementor-align-right elementor-mobile-align-center elementor-widget elementor-widget-button\" data-id=\"763ef83\" data-element_type=\"widget\" data-e-type=\"widget\" data-widget_type=\"button.default\">\n\t\t\t\t<div class=\"elementor-widget-container\">\n\t\t\t\t\t\t\t\t\t<div class=\"elementor-button-wrapper\">\n\t\t\t\t\t<a class=\"elementor-button elementor-button-link elementor-size-sm\" href=\"https:\/\/lptranslate.com\/pt\/traduccion-certificada\/\">\n\t\t\t\t\t\t<span class=\"elementor-button-content-wrapper\">\n\t\t\t\t\t\t\t\t\t<span class=\"elementor-button-text\">Solicita tu traducci\u00f3n certificada ahora <\/span>\n\t\t\t\t\t<\/span>\n\t\t\t\t\t<\/a>\n\t\t\t\t<\/div>\n\t\t\t\t\t\t\t\t<\/div>\n\t\t\t\t<\/div>\n\t\t\t\t<\/div>\n\t\t\t\t\t<\/div>\n\t\t\t\t<\/div>\n\t\t\t\t<\/div>","protected":false},"excerpt":{"rendered":"<p>L&amp;P Translations vs The Spanish Group: \u00bfCu\u00e1l elegir? Ambos servicios ofrecen traducciones certificadas para USCIS, pero est\u00e1n dise\u00f1ados para perfiles de usuario diferentes.\u00a0 Factor L&#038;P Spanish Group Precio $$ $$$ Rapidez Reviews Muy Alto Alto Soporte Directo Estructurado Cu\u00e1ndo elegir L&amp;P Necesitas rapidez (same-day \/ 24h) Buscas un precio accesible Tu caso es est\u00e1ndar Cu\u00e1ndo [&hellip;]<\/p>\n","protected":false},"author":3,"featured_media":19173,"parent":19143,"menu_order":0,"comment_status":"closed","ping_status":"closed","template":"elementor_header_footer","meta":{"_acf_changed":false,"site-sidebar-layout":"no-sidebar","site-content-layout":"page-builder","ast-site-content-layout":"full-width-container","site-content-style":"default","site-sidebar-style":"default","ast-global-header-display":"","ast-banner-title-visibility":"","ast-main-header-display":"","ast-hfb-above-header-display":"","ast-hfb-below-header-display":"","ast-hfb-mobile-header-display":"","site-post-title":"disabled","ast-breadcrumbs-content":"","ast-featured-img":"disabled","footer-sml-layout":"","ast-disable-related-posts":"","theme-transparent-header-meta":"default","adv-header-id-meta":"","stick-header-meta":"","header-above-stick-meta":"","header-main-stick-meta":"","header-below-stick-meta":"","astra-migrate-meta-layouts":"set","ast-page-background-enabled":"default","ast-page-background-meta":{"desktop":{"background-color":"var(--ast-global-color-4)","background-image":"","background-repeat":"repeat","background-position":"center center","background-size":"auto","background-attachment":"scroll","background-type":"","background-media":"","overlay-type":"","overlay-color":"","overlay-opacity":"","overlay-gradient":""},"tablet":{"background-color":"","background-image":"","background-repeat":"repeat","background-position":"center center","background-size":"auto","background-attachment":"scroll","background-type":"","background-media":"","overlay-type":"","overlay-color":"","overlay-opacity":"","overlay-gradient":""},"mobile":{"background-color":"","background-image":"","background-repeat":"repeat","background-position":"center center","background-size":"auto","background-attachment":"scroll","background-type":"","background-media":"","overlay-type":"","overlay-color":"","overlay-opacity":"","overlay-gradient":""}},"ast-content-background-meta":{"desktop":{"background-color":"var(--ast-global-color-5)","background-image":"","background-repeat":"repeat","background-position":"center center","background-size":"auto","background-attachment":"scroll","background-type":"","background-media":"","overlay-type":"","overlay-color":"","overlay-opacity":"","overlay-gradient":""},"tablet":{"background-color":"var(--ast-global-color-5)","background-image":"","background-repeat":"repeat","background-position":"center center","background-size":"auto","background-attachment":"scroll","background-type":"","background-media":"","overlay-type":"","overlay-color":"","overlay-opacity":"","overlay-gradient":""},"mobile":{"background-color":"var(--ast-global-color-5)","background-image":"","background-repeat":"repeat","background-position":"center center","background-size":"auto","background-attachment":"scroll","background-type":"","background-media":"","overlay-type":"","overlay-color":"","overlay-opacity":"","overlay-gradient":""}},"_joinchat":[],"footnotes":""},"class_list":["post-19273","page","type-page","status-publish","has-post-thumbnail","hentry"],"acf":[],"_links":{"self":[{"href":"https:\/\/lptranslate.com\/pt\/wp-json\/wp\/v2\/pages\/19273","targetHints":{"allow":["GET"]}}],"collection":[{"href":"https:\/\/lptranslate.com\/pt\/wp-json\/wp\/v2\/pages"}],"about":[{"href":"https:\/\/lptranslate.com\/pt\/wp-json\/wp\/v2\/types\/page"}],"author":[{"embeddable":true,"href":"https:\/\/lptranslate.com\/pt\/wp-json\/wp\/v2\/users\/3"}],"replies":[{"embeddable":true,"href":"https:\/\/lptranslate.com\/pt\/wp-json\/wp\/v2\/comments?post=19273"}],"version-history":[{"count":38,"href":"https:\/\/lptranslate.com\/pt\/wp-json\/wp\/v2\/pages\/19273\/revisions"}],"predecessor-version":[{"id":19395,"href":"https:\/\/lptranslate.com\/pt\/wp-json\/wp\/v2\/pages\/19273\/revisions\/19395"}],"up":[{"embeddable":true,"href":"https:\/\/lptranslate.com\/pt\/wp-json\/wp\/v2\/pages\/19143"}],"wp:featuredmedia":[{"embeddable":true,"href":"https:\/\/lptranslate.com\/pt\/wp-json\/wp\/v2\/media\/19173"}],"wp:attachment":[{"href":"https:\/\/lptranslate.com\/pt\/wp-json\/wp\/v2\/media?parent=19273"}],"curies":[{"name":"wp","href":"https:\/\/api.w.org\/{rel}","templated":true}]}}