{"id":8384,"date":"2024-10-11T23:29:30","date_gmt":"2024-10-12T03:29:30","guid":{"rendered":"https:\/\/lptranslate.com\/?post_type=product&#038;p=8384"},"modified":"2026-01-22T16:53:44","modified_gmt":"2026-01-22T20:53:44","slug":"documento-servicios-notariales","status":"publish","type":"product","link":"https:\/\/lptranslate.com\/pt\/product\/documento-servicios-notariales\/","title":{"rendered":"Documento - Servi\u00e7os notariais"},"content":{"rendered":"<h4 style=\"text-align: left;\"><strong>ANTES DE ADICIONAR AO CARRINHO:<\/strong><\/h4>\n<h4 style=\"text-align: left;\"><strong>ESCOLHER O N\u00daMERO DE DOCUMENTOS A AUTENTICAR<\/strong><\/h4>\n<p>&nbsp;<\/p>\n<p>*O servi\u00e7o de tradu\u00e7\u00e3o <strong>n\u00e3o inclui<\/strong> reconhecimento notarial do documento. Se precisar que a tradu\u00e7\u00e3o seja autenticada, deve acrescentar o servi\u00e7o de not\u00e1rio. <strong>adicionalmente<\/strong> no seu carrinho de compras quando efetuar a sua encomenda. N\u00e3o se esque\u00e7a de selecionar esta op\u00e7\u00e3o se a sua tradu\u00e7\u00e3o necessitar de autentica\u00e7\u00e3o notarial.<\/p>\n<p>**Se tiver alguma d\u00favida, n\u00e3o hesite em contactar-nos por correio eletr\u00f3nico ou por telefone. O nosso hor\u00e1rio de funcionamento \u00e9 de segunda a sexta-feira, das 9:00 \u00e0s 17:00 horas (EST).<\/p>","protected":false},"excerpt":{"rendered":"<p>\u2b06\ufe0f<strong>Select the number of files<\/strong><\/p>","protected":false},"featured_media":17627,"template":"","meta":{"_acf_changed":false,"site-sidebar-layout":"default","site-content-layout":"default","ast-site-content-layout":"default","site-content-style":"default","site-sidebar-style":"default","ast-global-header-display":"","ast-banner-title-visibility":"","ast-main-header-display":"","ast-hfb-above-header-display":"","ast-hfb-below-header-display":"","ast-hfb-mobile-header-display":"","site-post-title":"","ast-breadcrumbs-content":"","ast-featured-img":"","footer-sml-layout":"","ast-disable-related-posts":"","theme-transparent-header-meta":"default","adv-header-id-meta":"","stick-header-meta":"","header-above-stick-meta":"","header-main-stick-meta":"","header-below-stick-meta":"","astra-migrate-meta-layouts":"set","ast-page-background-enabled":"default","ast-page-background-meta":{"desktop":{"background-color":"var(--ast-global-color-4)","background-image":"","background-repeat":"repeat","background-position":"center center","background-size":"auto","background-attachment":"scroll","background-type":"","background-media":"","overlay-type":"","overlay-color":"","overlay-opacity":"","overlay-gradient":""},"tablet":{"background-color":"","background-image":"","background-repeat":"repeat","background-position":"center center","background-size":"auto","background-attachment":"scroll","background-type":"","background-media":"","overlay-type":"","overlay-color":"","overlay-opacity":"","overlay-gradient":""},"mobile":{"background-color":"","background-image":"","background-repeat":"repeat","background-position":"center center","background-size":"auto","background-attachment":"scroll","background-type":"","background-media":"","overlay-type":"","overlay-color":"","overlay-opacity":"","overlay-gradient":""}},"ast-content-background-meta":{"desktop":{"background-color":"var(--ast-global-color-5)","background-image":"","background-repeat":"repeat","background-position":"center center","background-size":"auto","background-attachment":"scroll","background-type":"","background-media":"","overlay-type":"","overlay-color":"","overlay-opacity":"","overlay-gradient":""},"tablet":{"background-color":"var(--ast-global-color-5)","background-image":"","background-repeat":"repeat","background-position":"center center","background-size":"auto","background-attachment":"scroll","background-type":"","background-media":"","overlay-type":"","overlay-color":"","overlay-opacity":"","overlay-gradient":""},"mobile":{"background-color":"var(--ast-global-color-5)","background-image":"","background-repeat":"repeat","background-position":"center center","background-size":"auto","background-attachment":"scroll","background-type":"","background-media":"","overlay-type":"","overlay-color":"","overlay-opacity":"","overlay-gradient":""}},"_joinchat":[]},"product_brand":[],"product_cat":[25],"product_tag":[],"class_list":{"0":"post-8384","1":"product","2":"type-product","3":"status-publish","4":"has-post-thumbnail","6":"product_cat-translations","7":"desktop-align-left","8":"tablet-align-left","9":"mobile-align-left","11":"first","12":"instock","13":"shipping-taxable","14":"purchasable","15":"product-type-simple"},"acf":[],"_links":{"self":[{"href":"https:\/\/lptranslate.com\/pt\/wp-json\/wp\/v2\/product\/8384","targetHints":{"allow":["GET"]}}],"collection":[{"href":"https:\/\/lptranslate.com\/pt\/wp-json\/wp\/v2\/product"}],"about":[{"href":"https:\/\/lptranslate.com\/pt\/wp-json\/wp\/v2\/types\/product"}],"wp:featuredmedia":[{"embeddable":true,"href":"https:\/\/lptranslate.com\/pt\/wp-json\/wp\/v2\/media\/17627"}],"wp:attachment":[{"href":"https:\/\/lptranslate.com\/pt\/wp-json\/wp\/v2\/media?parent=8384"}],"wp:term":[{"taxonomy":"product_brand","embeddable":true,"href":"https:\/\/lptranslate.com\/pt\/wp-json\/wp\/v2\/product_brand?post=8384"},{"taxonomy":"product_cat","embeddable":true,"href":"https:\/\/lptranslate.com\/pt\/wp-json\/wp\/v2\/product_cat?post=8384"},{"taxonomy":"product_tag","embeddable":true,"href":"https:\/\/lptranslate.com\/pt\/wp-json\/wp\/v2\/product_tag?post=8384"}],"curies":[{"name":"wp","href":"https:\/\/api.w.org\/{rel}","templated":true}]}}